{"id":2799,"date":"2020-03-19T14:47:49","date_gmt":"2020-03-19T14:47:49","guid":{"rendered":"https:\/\/demo.casethemes.net\/alico\/?page_id=2799"},"modified":"2025-09-22T17:46:18","modified_gmt":"2025-09-22T14:46:18","slug":"programlar-ve-projeler","status":"publish","type":"page","link":"https:\/\/badyh.org\/tr\/programlar-ve-projeler\/","title":{"rendered":"Programlar ve projeler"},"content":{"rendered":"\t\t<div data-elementor-type=\"wp-page\" data-elementor-id=\"2799\" class=\"elementor elementor-2799\" data-elementor-post-type=\"page\">\n\t\t\t\t        <section class=\"elementor-section elementor-top-section elementor-element elementor-element-194272c elementor-section-boxed elementor-section-height-default elementor-section-height-default\" data-id=\"194272c\" data-element_type=\"section\" data-e-type=\"section\">\n            \n                        <div class=\"elementor-container elementor-column-gap-default \">\n                    <div class=\"elementor-column elementor-col-100 elementor-top-column elementor-element elementor-element-9ac7414\" data-id=\"9ac7414\" data-element_type=\"column\" data-e-type=\"column\">\n        <div class=\"elementor-widget-wrap\">\n                    \n                    <\/div>\n        <\/div>\n                    <\/div>\n        <\/section>\n                <section class=\"elementor-section elementor-top-section elementor-element elementor-element-d7e3257 elementor-section-full_width elementor-section-content-middle elementor-section-stretched elementor-section-height-default elementor-section-height-default\" data-id=\"d7e3257\" data-element_type=\"section\" data-e-type=\"section\" data-settings=\"{&quot;stretch_section&quot;:&quot;section-stretched&quot;}\">\n            \n                        <div class=\"elementor-container elementor-column-gap-default \">\n                    <div class=\"elementor-column elementor-col-100 elementor-top-column elementor-element elementor-element-9633f9f\" data-id=\"9633f9f\" data-element_type=\"column\" data-e-type=\"column\">\n        <div class=\"elementor-widget-wrap elementor-element-populated\">\n                    \n        \t\t<div class=\"elementor-element elementor-element-a120afc elementor-align-center elementor-widget__width-inherit elementor-widget elementor-widget-embedpres_document\" data-id=\"a120afc\" data-element_type=\"widget\" data-e-type=\"widget\" data-widget_type=\"embedpres_document.default\">\n\t\t\t\t<div class=\"elementor-widget-container\">\n\t\t\t\t\t\n        <div class=\"embedpress-document-embed ep-doc-350255ac3e7531c067f20ef3dbee5201 ose-document \" style=\"width: 1000px; height: 1190px; max-width:100%; display: inline-block\">\n\n                        <div >\n\n                <div id=\"ep-elementor-content-a120afc\" class=\"ep-elementor-content    ep-content-protection-disabled\">\n                    <div id=\"a120afc\" class=\"ep-embed-content-wraper\">\n                        <div class=\"embedpress-embed-document-pdf embedpress-pdf-a120afc\" data-emid=\"embedpress-pdf-a120afc\" data-embedpress-content=\"6c19127fdc64013e6f86b3d990d64e03\" data-embed-type=\"Document\" data-emsrc=\"https:\/\/badyh.org\/tr\/wp-content\/uploads\/sites\/3\/2025\/09\/\u0627\u0644\u062f\u0644\u064a\u0644-\u062a\u0631\u0643\u064a-2025.pdf\"><iframe title=\"\u0627\u0644\u062f\u0644\u064a\u0644 \u062a\u0631\u0643\u064a 2025\" class=\"embedpress-embed-document-pdf embedpress-pdf-a120afc\" style=\"width: 1000px; height: 1190px; max-width:100%; display: inline-block\" src=\"https:\/\/badyh.org\/tr\/wp-admin\/admin-ajax.php?action=get_viewer&#038;file=https%3A%2F%2Fbadyh.org%2Ftr%2Fwp-content%2Fuploads%2Fsites%2F3%2F2025%2F09%2F%D8%A7%D9%84%D8%AF%D9%84%D9%8A%D9%84-%D8%AA%D8%B1%D9%83%D9%8A-2025.pdf#key=dGhlbWVNb2RlPWN1c3RvbSZ0b29sYmFyPXRydWUmcG9zaXRpb249dG9wJnByZXNlbnRhdGlvbj1mYWxzZSZsYXp5TG9hZD1mYWxzZSZkb3dubG9hZD10cnVlJmNvcHlfdGV4dD10cnVlJmFkZF90ZXh0PWZhbHNlJmRyYXc9ZmFsc2UmYWRkX2ltYWdlPWZhbHNlJnBkZl9yb3RhdGlvbj1mYWxzZSZwZGZfZGV0YWlscz1mYWxzZSZ6b29tX2luPXRydWUmem9vbV9vdXQ9dHJ1ZSZmaXRfdmlldz10cnVlJmJvb2ttYXJrPWZhbHNlJnNvdW5kPWZhbHNlJmZsaXBib29rX3Rvb2xiYXJfcG9zaXRpb249Ym90dG9tJnNlbGVjdGlvbl90b29sPTAmc2Nyb2xsaW5nPS0xJnNwcmVhZHM9LTEmaXNfcHJvX2FjdGl2ZT0wJndhdGVybWFya190ZXh0PSZ3YXRlcm1hcmtfZm9udF9zaXplPTQ4JndhdGVybWFya19jb2xvcj0lMjMwMDAwMDAmd2F0ZXJtYXJrX29wYWNpdHk9MTUmd2F0ZXJtYXJrX3N0eWxlPWNlbnRlciZjdXN0b21Db2xvcj0=\" frameborder=\"0\"><\/iframe><\/div>                    <\/div>\n                <\/div>\n                            <\/div>\n        <\/div>\n\n    \t\t\t\t<\/div>\n\t\t\t\t<\/div>\n\t\t            <\/div>\n        <\/div>\n                    <\/div>\n        <\/section>\n                <section class=\"elementor-section elementor-top-section elementor-element elementor-element-182e2a4 elementor-section-content-middle elementor-section-stretched elementor-section-boxed elementor-section-height-default elementor-section-height-default\" data-id=\"182e2a4\" data-element_type=\"section\" data-e-type=\"section\" data-settings=\"{&quot;stretch_section&quot;:&quot;section-stretched&quot;}\">\n            \n                        <div class=\"elementor-container elementor-column-gap-default \">\n                    <div class=\"elementor-column elementor-col-100 elementor-top-column elementor-element elementor-element-e1f4d87\" data-id=\"e1f4d87\" data-element_type=\"column\" data-e-type=\"column\">\n        <div class=\"elementor-widget-wrap\">\n                    \n                    <\/div>\n        <\/div>\n                    <\/div>\n        <\/section>\n        \t\t<\/div>\n\t\t","protected":false},"excerpt":{"rendered":"","protected":false},"author":1,"featured_media":3869,"parent":0,"menu_order":0,"comment_status":"closed","ping_status":"closed","template":"","meta":{"rs_blank_template":"","rs_page_bg_color":"","slide_template_v7":"","footnotes":""},"class_list":["post-2799","page","type-page","status-publish","has-post-thumbnail","hentry"],"yoast_head":"<!-- This site is optimized with the Yoast SEO plugin v27.4 - https:\/\/yoast.com\/product\/yoast-seo-wordpress\/ -->\n<title>Programlar ve projeler - El-Badyh Kalk\u0131nma ve \u0130nsani Yard\u0131m Derne\u011fi<\/title>\n<meta name=\"description\" content=\"Programlar ve projeler\" \/>\n<meta name=\"robots\" content=\"index, follow, max-snippet:-1, max-image-preview:large, max-video-preview:-1\" \/>\n<link rel=\"canonical\" href=\"https:\/\/badyh.org\/tr\/programlar-ve-projeler\/\" \/>\n<meta property=\"og:locale\" content=\"tr_TR\" \/>\n<meta property=\"og:type\" content=\"article\" \/>\n<meta property=\"og:title\" content=\"Programlar ve projeler - El-Badyh Kalk\u0131nma ve \u0130nsani Yard\u0131m Derne\u011fi\" \/>\n<meta property=\"og:description\" content=\"Programlar ve projeler\" \/>\n<meta property=\"og:url\" content=\"https:\/\/badyh.org\/tr\/programlar-ve-projeler\/\" \/>\n<meta property=\"og:site_name\" content=\"El-Badyh Kalk\u0131nma ve \u0130nsani Yard\u0131m Derne\u011fi\" \/>\n<meta property=\"article:modified_time\" content=\"2025-09-22T14:46:18+00:00\" \/>\n<meta property=\"og:image\" content=\"https:\/\/badyh.org\/tr\/wp-content\/uploads\/sites\/3\/2019\/12\/badiyh22-9.jpg\" \/>\n\t<meta property=\"og:image:width\" content=\"835\" \/>\n\t<meta property=\"og:image:height\" content=\"470\" \/>\n\t<meta property=\"og:image:type\" content=\"image\/jpeg\" \/>\n<meta name=\"twitter:card\" content=\"summary_large_image\" \/>\n<script type=\"application\/ld+json\" class=\"yoast-schema-graph\">{\"@context\":\"https:\\\/\\\/schema.org\",\"@graph\":[{\"@type\":\"WebPage\",\"@id\":\"https:\\\/\\\/badyh.org\\\/tr\\\/programlar-ve-projeler\\\/\",\"url\":\"https:\\\/\\\/badyh.org\\\/tr\\\/programlar-ve-projeler\\\/\",\"name\":\"Programlar ve projeler - El-Badyh Kalk\u0131nma ve \u0130nsani Yard\u0131m Derne\u011fi\",\"isPartOf\":{\"@id\":\"https:\\\/\\\/badyh.org\\\/tr\\\/#website\"},\"primaryImageOfPage\":{\"@id\":\"https:\\\/\\\/badyh.org\\\/tr\\\/programlar-ve-projeler\\\/#primaryimage\"},\"image\":{\"@id\":\"https:\\\/\\\/badyh.org\\\/tr\\\/programlar-ve-projeler\\\/#primaryimage\"},\"thumbnailUrl\":\"https:\\\/\\\/badyh.org\\\/tr\\\/wp-content\\\/uploads\\\/sites\\\/3\\\/2019\\\/12\\\/badiyh22-9.jpg\",\"datePublished\":\"2020-03-19T14:47:49+00:00\",\"dateModified\":\"2025-09-22T14:46:18+00:00\",\"description\":\"Programlar ve projeler\",\"breadcrumb\":{\"@id\":\"https:\\\/\\\/badyh.org\\\/tr\\\/programlar-ve-projeler\\\/#breadcrumb\"},\"inLanguage\":\"tr\",\"potentialAction\":[{\"@type\":\"ReadAction\",\"target\":[\"https:\\\/\\\/badyh.org\\\/tr\\\/programlar-ve-projeler\\\/\"]}]},{\"@type\":\"ImageObject\",\"inLanguage\":\"tr\",\"@id\":\"https:\\\/\\\/badyh.org\\\/tr\\\/programlar-ve-projeler\\\/#primaryimage\",\"url\":\"https:\\\/\\\/badyh.org\\\/tr\\\/wp-content\\\/uploads\\\/sites\\\/3\\\/2019\\\/12\\\/badiyh22-9.jpg\",\"contentUrl\":\"https:\\\/\\\/badyh.org\\\/tr\\\/wp-content\\\/uploads\\\/sites\\\/3\\\/2019\\\/12\\\/badiyh22-9.jpg\",\"width\":835,\"height\":470},{\"@type\":\"BreadcrumbList\",\"@id\":\"https:\\\/\\\/badyh.org\\\/tr\\\/programlar-ve-projeler\\\/#breadcrumb\",\"itemListElement\":[{\"@type\":\"ListItem\",\"position\":1,\"name\":\"\u0627\u0644\u0631\u0626\u064a\u0633\u064a\u0629\",\"item\":\"https:\\\/\\\/badyh.org\\\/tr\\\/\"},{\"@type\":\"ListItem\",\"position\":2,\"name\":\"Programlar ve projeler\"}]},{\"@type\":\"WebSite\",\"@id\":\"https:\\\/\\\/badyh.org\\\/tr\\\/#website\",\"url\":\"https:\\\/\\\/badyh.org\\\/tr\\\/\",\"name\":\"El-Badyh Kalk\u0131nma ve \u0130nsani Yard\u0131m Derne\u011fi\",\"description\":\"\u0645\u0648\u0642\u0639 \u0622\u062e\u0631 \u0641\u064a \u0645\u0624\u0633\u0633\u0629 \u0627\u0644\u0628\u0627\u062f\u064a\u0629 \u0644\u0644\u062a\u0646\u0645\u064a\u0629 \u0648\u0627\u0644\u0627\u0639\u0645\u0627\u0644 \u0627\u0644\u0625\u0646\u0633\u0627\u0646\u064a\u0629\",\"potentialAction\":[{\"@type\":\"SearchAction\",\"target\":{\"@type\":\"EntryPoint\",\"urlTemplate\":\"https:\\\/\\\/badyh.org\\\/tr\\\/?s={search_term_string}\"},\"query-input\":{\"@type\":\"PropertyValueSpecification\",\"valueRequired\":true,\"valueName\":\"search_term_string\"}}],\"inLanguage\":\"tr\"}]}<\/script>\n<!-- \/ Yoast SEO plugin. -->","yoast_head_json":{"title":"Programlar ve projeler - El-Badyh Kalk\u0131nma ve \u0130nsani Yard\u0131m Derne\u011fi","description":"Programlar ve projeler","robots":{"index":"index","follow":"follow","max-snippet":"max-snippet:-1","max-image-preview":"max-image-preview:large","max-video-preview":"max-video-preview:-1"},"canonical":"https:\/\/badyh.org\/tr\/programlar-ve-projeler\/","og_locale":"tr_TR","og_type":"article","og_title":"Programlar ve projeler - El-Badyh Kalk\u0131nma ve \u0130nsani Yard\u0131m Derne\u011fi","og_description":"Programlar ve projeler","og_url":"https:\/\/badyh.org\/tr\/programlar-ve-projeler\/","og_site_name":"El-Badyh Kalk\u0131nma ve \u0130nsani Yard\u0131m Derne\u011fi","article_modified_time":"2025-09-22T14:46:18+00:00","og_image":[{"width":835,"height":470,"url":"https:\/\/badyh.org\/tr\/wp-content\/uploads\/sites\/3\/2019\/12\/badiyh22-9.jpg","type":"image\/jpeg"}],"twitter_card":"summary_large_image","schema":{"@context":"https:\/\/schema.org","@graph":[{"@type":"WebPage","@id":"https:\/\/badyh.org\/tr\/programlar-ve-projeler\/","url":"https:\/\/badyh.org\/tr\/programlar-ve-projeler\/","name":"Programlar ve projeler - El-Badyh Kalk\u0131nma ve \u0130nsani Yard\u0131m Derne\u011fi","isPartOf":{"@id":"https:\/\/badyh.org\/tr\/#website"},"primaryImageOfPage":{"@id":"https:\/\/badyh.org\/tr\/programlar-ve-projeler\/#primaryimage"},"image":{"@id":"https:\/\/badyh.org\/tr\/programlar-ve-projeler\/#primaryimage"},"thumbnailUrl":"https:\/\/badyh.org\/tr\/wp-content\/uploads\/sites\/3\/2019\/12\/badiyh22-9.jpg","datePublished":"2020-03-19T14:47:49+00:00","dateModified":"2025-09-22T14:46:18+00:00","description":"Programlar ve projeler","breadcrumb":{"@id":"https:\/\/badyh.org\/tr\/programlar-ve-projeler\/#breadcrumb"},"inLanguage":"tr","potentialAction":[{"@type":"ReadAction","target":["https:\/\/badyh.org\/tr\/programlar-ve-projeler\/"]}]},{"@type":"ImageObject","inLanguage":"tr","@id":"https:\/\/badyh.org\/tr\/programlar-ve-projeler\/#primaryimage","url":"https:\/\/badyh.org\/tr\/wp-content\/uploads\/sites\/3\/2019\/12\/badiyh22-9.jpg","contentUrl":"https:\/\/badyh.org\/tr\/wp-content\/uploads\/sites\/3\/2019\/12\/badiyh22-9.jpg","width":835,"height":470},{"@type":"BreadcrumbList","@id":"https:\/\/badyh.org\/tr\/programlar-ve-projeler\/#breadcrumb","itemListElement":[{"@type":"ListItem","position":1,"name":"\u0627\u0644\u0631\u0626\u064a\u0633\u064a\u0629","item":"https:\/\/badyh.org\/tr\/"},{"@type":"ListItem","position":2,"name":"Programlar ve projeler"}]},{"@type":"WebSite","@id":"https:\/\/badyh.org\/tr\/#website","url":"https:\/\/badyh.org\/tr\/","name":"El-Badyh Kalk\u0131nma ve \u0130nsani Yard\u0131m Derne\u011fi","description":"\u0645\u0648\u0642\u0639 \u0622\u062e\u0631 \u0641\u064a \u0645\u0624\u0633\u0633\u0629 \u0627\u0644\u0628\u0627\u062f\u064a\u0629 \u0644\u0644\u062a\u0646\u0645\u064a\u0629 \u0648\u0627\u0644\u0627\u0639\u0645\u0627\u0644 \u0627\u0644\u0625\u0646\u0633\u0627\u0646\u064a\u0629","potentialAction":[{"@type":"SearchAction","target":{"@type":"EntryPoint","urlTemplate":"https:\/\/badyh.org\/tr\/?s={search_term_string}"},"query-input":{"@type":"PropertyValueSpecification","valueRequired":true,"valueName":"search_term_string"}}],"inLanguage":"tr"}]}},"jetpack_sharing_enabled":true,"_links":{"self":[{"href":"https:\/\/badyh.org\/tr\/wp-json\/wp\/v2\/pages\/2799","targetHints":{"allow":["GET"]}}],"collection":[{"href":"https:\/\/badyh.org\/tr\/wp-json\/wp\/v2\/pages"}],"about":[{"href":"https:\/\/badyh.org\/tr\/wp-json\/wp\/v2\/types\/page"}],"author":[{"embeddable":true,"href":"https:\/\/badyh.org\/tr\/wp-json\/wp\/v2\/users\/1"}],"replies":[{"embeddable":true,"href":"https:\/\/badyh.org\/tr\/wp-json\/wp\/v2\/comments?post=2799"}],"version-history":[{"count":6,"href":"https:\/\/badyh.org\/tr\/wp-json\/wp\/v2\/pages\/2799\/revisions"}],"predecessor-version":[{"id":5432,"href":"https:\/\/badyh.org\/tr\/wp-json\/wp\/v2\/pages\/2799\/revisions\/5432"}],"wp:featuredmedia":[{"embeddable":true,"href":"https:\/\/badyh.org\/tr\/wp-json\/wp\/v2\/media\/3869"}],"wp:attachment":[{"href":"https:\/\/badyh.org\/tr\/wp-json\/wp\/v2\/media?parent=2799"}],"curies":[{"name":"wp","href":"https:\/\/api.w.org\/{rel}","templated":true}]}}