{"id":2703,"date":"2020-03-17T14:48:03","date_gmt":"2020-03-17T14:48:03","guid":{"rendered":"https:\/\/demo.casethemes.net\/alico\/?page_id=2703"},"modified":"2022-11-12T03:24:26","modified_gmt":"2022-11-12T00:24:26","slug":"sikayet-ve-oneriler","status":"publish","type":"page","link":"https:\/\/badyh.org\/tr\/sikayet-ve-oneriler\/","title":{"rendered":"\u015eikayet ve \u00d6neriler"},"content":{"rendered":"\t\t<div data-elementor-type=\"wp-page\" data-elementor-id=\"2703\" class=\"elementor elementor-2703\" data-elementor-post-type=\"page\">\n\t\t\t\t        <section class=\"elementor-section elementor-top-section elementor-element elementor-element-3c14f42 elementor-section-boxed elementor-section-height-default elementor-section-height-default\" data-id=\"3c14f42\" data-element_type=\"section\" data-e-type=\"section\">\n            \n                        <div class=\"elementor-container elementor-column-gap-extended \">\n                    <div class=\"elementor-column elementor-col-66 elementor-top-column elementor-element elementor-element-bf4c92c\" data-id=\"bf4c92c\" data-element_type=\"column\" data-e-type=\"column\">\n        <div class=\"elementor-widget-wrap elementor-element-populated\">\n                    \n        \t\t<div class=\"elementor-element elementor-element-8c62f58 elementor-widget elementor-widget-ct_heading\" data-id=\"8c62f58\" data-element_type=\"widget\" data-e-type=\"widget\" data-widget_type=\"ct_heading.default\">\n\t\t\t\t<div class=\"elementor-widget-container\">\n\t\t\t\t\t<div class=\"ct-heading ct-heading-dot h-align- \" data-wow-duration=\"1.2s\">\r\n\t<div class=\"ct-heading--inner\">\r\n            \t\t<div class=\"item--sub-title style-line\">\r\n                <span>\r\n                       \r\n                    \u0130leti\u015fim 7\/24                             \r\n                <\/span>\r\n            <\/div>\r\n    \t                <h3 class=\"item--title\">\r\n                            <i class=\"dot-shape\">\r\n                    <i><\/i>\r\n                    <i><\/i>\r\n                    <i><\/i>\r\n                    <i><\/i>\r\n                    <i><\/i>\r\n                    <i><\/i>\r\n                <\/i>\r\n                        Sorununuz Var<br\/>\nEkibimiz Size Yard\u0131mc\u0131 Olsun:        <\/h3>\r\n    <\/div>\r\n<\/div>\t\t\t\t<\/div>\n\t\t\t\t<\/div>\n\t\t\t\t<div class=\"elementor-element elementor-element-2012b9e elementor-widget elementor-widget-ct_contact_form\" data-id=\"2012b9e\" data-element_type=\"widget\" data-e-type=\"widget\" data-widget_type=\"ct_contact_form.default\">\n\t\t\t\t<div class=\"elementor-widget-container\">\n\t\t\t\t\t    <div class=\"ct-contact-form-layout1 style1 \">\r\n    \t        <div class=\"ct-contact-form\">\r\n            \n<div class=\"wpcf7 no-js\" id=\"wpcf7-f5-o1\" lang=\"en-US\" dir=\"ltr\" data-wpcf7-id=\"5\">\n<div class=\"screen-reader-response\"><p role=\"status\" aria-live=\"polite\" aria-atomic=\"true\"><\/p> <ul><\/ul><\/div>\n<form action=\"\/tr\/wp-json\/wp\/v2\/pages\/2703#wpcf7-f5-o1\" method=\"post\" class=\"wpcf7-form init\" aria-label=\"Contact form\" novalidate=\"novalidate\" data-status=\"init\">\n<fieldset class=\"hidden-fields-container\"><input type=\"hidden\" name=\"_wpcf7\" value=\"5\" \/><input type=\"hidden\" name=\"_wpcf7_version\" value=\"6.1.5\" \/><input type=\"hidden\" name=\"_wpcf7_locale\" value=\"en_US\" \/><input type=\"hidden\" name=\"_wpcf7_unit_tag\" value=\"wpcf7-f5-o1\" \/><input type=\"hidden\" name=\"_wpcf7_container_post\" value=\"0\" \/><input type=\"hidden\" name=\"_wpcf7_posted_data_hash\" value=\"\" \/>\n<\/fieldset>\n<div class=\"row\">\n\t<div class=\"input-filled col-lg-6 col-md-6\">\n\t\t<p><span class=\"wpcf7-form-control-wrap\" data-name=\"first-name\"><input size=\"40\" maxlength=\"400\" class=\"wpcf7-form-control wpcf7-text wpcf7-validates-as-required\" aria-required=\"true\" aria-invalid=\"false\" placeholder=\"\u0130lk ad\u0131 *\" value=\"\" type=\"text\" name=\"first-name\" \/><\/span>\n\t\t<\/p>\n\t<\/div>\n\t<div class=\"input-filled col-lg-6 col-md-6\">\n\t\t<p><span class=\"wpcf7-form-control-wrap\" data-name=\"last-name\"><input size=\"40\" maxlength=\"400\" class=\"wpcf7-form-control wpcf7-text wpcf7-validates-as-required\" aria-required=\"true\" aria-invalid=\"false\" placeholder=\"Last name *\" value=\"\" type=\"text\" name=\"last-name\" \/><\/span>\n\t\t<\/p>\n\t<\/div>\n<\/div>\n<div class=\"row\">\n\t<div class=\"input-filled col-lg-6 col-md-6\">\n\t\t<p><span class=\"wpcf7-form-control-wrap\" data-name=\"your-email\"><input size=\"40\" maxlength=\"400\" class=\"wpcf7-form-control wpcf7-email wpcf7-validates-as-required wpcf7-text wpcf7-validates-as-email\" aria-required=\"true\" aria-invalid=\"false\" placeholder=\"Mail adresiniz *\" value=\"\" type=\"email\" name=\"your-email\" \/><\/span>\n\t\t<\/p>\n\t<\/div>\n\t<div class=\"input-filled col-lg-6 col-md-6\">\n\t\t<p><span class=\"wpcf7-form-control-wrap\" data-name=\"your-phone\"><input size=\"40\" maxlength=\"400\" class=\"wpcf7-form-control wpcf7-text wpcf7-validates-as-required\" aria-required=\"true\" aria-invalid=\"false\" placeholder=\"Telefon numaras\u0131 *\" value=\"\" type=\"text\" name=\"your-phone\" \/><\/span>\n\t\t<\/p>\n\t<\/div>\n<\/div>\n<div class=\"row\">\n\t<div class=\"input-filled col-12\">\n\t\t<p><span class=\"wpcf7-form-control-wrap\" data-name=\"your-message\"><textarea cols=\"40\" rows=\"10\" maxlength=\"2000\" class=\"wpcf7-form-control wpcf7-textarea wpcf7-validates-as-required\" aria-required=\"true\" aria-invalid=\"false\" placeholder=\"\u0130leti...\" name=\"your-message\"><\/textarea><\/span>\n\t\t<\/p>\n\t<\/div>\n\t<div class=\"input-filled col-12\">\n\t\t<p><button type=\"Sunmak\" class=\"wpcf7-submit btn btn-block\"><i class=\"fac fac-arrow-circle-right space-right\"><\/i>\u015eimdi G\u00f6nder<\/button>\n\t\t<\/p>\n\t<\/div>\n<\/div><p style=\"display: none !important;\" class=\"akismet-fields-container\" data-prefix=\"_wpcf7_ak_\"><label>&#916;<textarea name=\"_wpcf7_ak_hp_textarea\" cols=\"45\" rows=\"8\" maxlength=\"100\"><\/textarea><\/label><input type=\"hidden\" id=\"ak_js_1\" name=\"_wpcf7_ak_js\" value=\"10\"\/><script>document.getElementById( \"ak_js_1\" ).setAttribute( \"value\", ( new Date() ).getTime() );<\/script><\/p><div class=\"wpcf7-response-output\" aria-hidden=\"true\"><\/div>\n<\/form>\n<\/div>\n        <\/div>\r\n    <\/div>\r\n\t\t\t\t<\/div>\n\t\t\t\t<\/div>\n\t\t            <\/div>\n        <\/div>\n                <div class=\"elementor-column elementor-col-33 elementor-top-column elementor-element elementor-element-6c990f4\" data-id=\"6c990f4\" data-element_type=\"column\" data-e-type=\"column\">\n        <div class=\"elementor-widget-wrap elementor-element-populated\">\n                    \n        \t\t<div class=\"elementor-element elementor-element-0949b72 elementor-widget elementor-widget-ct_heading\" data-id=\"0949b72\" data-element_type=\"widget\" data-e-type=\"widget\" data-widget_type=\"ct_heading.default\">\n\t\t\t\t<div class=\"elementor-widget-container\">\n\t\t\t\t\t<div class=\"ct-heading ct-heading-dot h-align- \" data-wow-duration=\"1.2s\">\r\n\t<div class=\"ct-heading--inner\">\r\n                        <h3 class=\"item--title\">\r\n                            <i class=\"dot-shape\">\r\n                    <i><\/i>\r\n                    <i><\/i>\r\n                    <i><\/i>\r\n                    <i><\/i>\r\n                    <i><\/i>\r\n                    <i><\/i>\r\n                <\/i>\r\n                        \u0130leti\u015fim Adres        <\/h3>\r\n    <\/div>\r\n<\/div>\t\t\t\t<\/div>\n\t\t\t\t<\/div>\n\t\t\t\t<div class=\"elementor-element elementor-element-9277c34 elementor-widget elementor-widget-ct_fancy_box\" data-id=\"9277c34\" data-element_type=\"widget\" data-e-type=\"widget\" data-widget_type=\"ct_fancy_box.default\">\n\t\t\t\t<div class=\"elementor-widget-container\">\n\t\t\t\t\t<div class=\"ct-fancy-box ct-fancy-box-layout1 style3 \" data-wow-delay=\"ms\">\r\n                <div class=\"item--icon\">\r\n            <img decoding=\"async\" width=\"100\" height=\"100\" src=\"https:\/\/badyh.org\/tr\/wp-content\/uploads\/sites\/3\/2020\/03\/box-icon2.png\" class=\"attachment-full\" alt=\"\" \/>        <\/div>\r\n        <div class=\"item--holder\">\r\n        <h3 class=\"item--title\">\r\n            Adres :        <\/h3>\r\n        <div class=\"item--description\">qaten, Badyh complex, Al-Khabbah neighborhood, Wadi Hadramout\/Hadhramout, YEMEN<\/div>\r\n    <\/div>\r\n<\/div>\t\t\t\t<\/div>\n\t\t\t\t<\/div>\n\t\t\t\t<div class=\"elementor-element elementor-element-2426eea elementor-widget elementor-widget-ct_fancy_box\" data-id=\"2426eea\" data-element_type=\"widget\" data-e-type=\"widget\" data-widget_type=\"ct_fancy_box.default\">\n\t\t\t\t<div class=\"elementor-widget-container\">\n\t\t\t\t\t<div class=\"ct-fancy-box ct-fancy-box-layout1 style3 \" data-wow-delay=\"ms\">\r\n                <div class=\"item--icon\">\r\n            <img decoding=\"async\" width=\"100\" height=\"100\" src=\"https:\/\/badyh.org\/tr\/wp-content\/uploads\/sites\/3\/2020\/03\/box-icon3.png\" class=\"attachment-full\" alt=\"\" \/>        <\/div>\r\n        <div class=\"item--holder\">\r\n        <h3 class=\"item--title\">\r\n            Mobil :        <\/h3>\r\n        <div class=\"item--description\">00967711797771<br\/>\n00967772204777<\/div>\r\n    <\/div>\r\n<\/div>\t\t\t\t<\/div>\n\t\t\t\t<\/div>\n\t\t\t\t<div class=\"elementor-element elementor-element-bef54aa elementor-widget elementor-widget-ct_fancy_box\" data-id=\"bef54aa\" data-element_type=\"widget\" data-e-type=\"widget\" data-widget_type=\"ct_fancy_box.default\">\n\t\t\t\t<div class=\"elementor-widget-container\">\n\t\t\t\t\t<div class=\"ct-fancy-box ct-fancy-box-layout1 style3 \" data-wow-delay=\"ms\">\r\n                <div class=\"item--icon\">\r\n            <img decoding=\"async\" width=\"100\" height=\"100\" src=\"https:\/\/badyh.org\/tr\/wp-content\/uploads\/sites\/3\/2020\/03\/box-icon1.png\" class=\"attachment-full\" alt=\"\" \/>        <\/div>\r\n        <div class=\"item--holder\">\r\n        <h3 class=\"item--title\">\r\n            Mail :        <\/h3>\r\n        <div class=\"item--description\">Info@badyh.org<br\/>\nBadiyh@gmail.com<\/div>\r\n    <\/div>\r\n<\/div>\t\t\t\t<\/div>\n\t\t\t\t<\/div>\n\t\t            <\/div>\n        <\/div>\n                    <\/div>\n        <\/section>\n        \t\t<\/div>\n\t\t","protected":false},"excerpt":{"rendered":"<p>\u0130leti\u015fim 7\/24 Sorununuz Var Ekibimiz Size Yard\u0131mc\u0131 Olsun: \u015eimdi G\u00f6nder \u0394 \u0130leti\u015fim Adres Adres : qaten, Badyh complex, Al-Khabbah neighborhood, Wadi Hadramout\/Hadhramout, YEMEN Mobil : 00967711797771 00967772204777 Mail : Info@badyh.org Badiyh@gmail.com<\/p>\n","protected":false},"author":1,"featured_media":0,"parent":0,"menu_order":0,"comment_status":"closed","ping_status":"closed","template":"","meta":{"rs_blank_template":"","rs_page_bg_color":"","slide_template_v7":"","footnotes":""},"class_list":["post-2703","page","type-page","status-publish","hentry"],"yoast_head":"<!-- This site is optimized with the Yoast SEO plugin v27.4 - https:\/\/yoast.com\/product\/yoast-seo-wordpress\/ -->\n<title>\u015eikayet ve \u00d6neriler - El-Badyh Kalk\u0131nma ve \u0130nsani Yard\u0131m Derne\u011fi<\/title>\n<meta name=\"robots\" content=\"index, follow, max-snippet:-1, max-image-preview:large, max-video-preview:-1\" \/>\n<link rel=\"canonical\" href=\"https:\/\/badyh.org\/tr\/sikayet-ve-oneriler\/\" \/>\n<meta property=\"og:locale\" content=\"tr_TR\" \/>\n<meta property=\"og:type\" content=\"article\" \/>\n<meta property=\"og:title\" content=\"\u015eikayet ve \u00d6neriler - El-Badyh Kalk\u0131nma ve \u0130nsani Yard\u0131m Derne\u011fi\" \/>\n<meta property=\"og:description\" content=\"\u0130leti\u015fim 7\/24 Sorununuz Var Ekibimiz Size Yard\u0131mc\u0131 Olsun: \u015eimdi G\u00f6nder \u0394 \u0130leti\u015fim Adres Adres : qaten, Badyh complex, Al-Khabbah neighborhood, Wadi Hadramout\/Hadhramout, YEMEN Mobil : 00967711797771 00967772204777 Mail : Info@badyh.org Badiyh@gmail.com\" \/>\n<meta property=\"og:url\" content=\"https:\/\/badyh.org\/tr\/sikayet-ve-oneriler\/\" \/>\n<meta property=\"og:site_name\" content=\"El-Badyh Kalk\u0131nma ve \u0130nsani Yard\u0131m Derne\u011fi\" \/>\n<meta property=\"article:modified_time\" content=\"2022-11-12T00:24:26+00:00\" \/>\n<meta property=\"og:image\" content=\"https:\/\/badyh.org\/tr\/wp-content\/uploads\/sites\/3\/2020\/03\/box-icon2.png\" \/>\n<meta name=\"twitter:card\" content=\"summary_large_image\" \/>\n<meta name=\"twitter:label1\" content=\"Tahmini okuma s\u00fcresi\" \/>\n\t<meta name=\"twitter:data1\" content=\"1 dakika\" \/>\n<script type=\"application\/ld+json\" class=\"yoast-schema-graph\">{\"@context\":\"https:\\\/\\\/schema.org\",\"@graph\":[{\"@type\":\"WebPage\",\"@id\":\"https:\\\/\\\/badyh.org\\\/tr\\\/sikayet-ve-oneriler\\\/\",\"url\":\"https:\\\/\\\/badyh.org\\\/tr\\\/sikayet-ve-oneriler\\\/\",\"name\":\"\u015eikayet ve \u00d6neriler - El-Badyh Kalk\u0131nma ve \u0130nsani Yard\u0131m Derne\u011fi\",\"isPartOf\":{\"@id\":\"https:\\\/\\\/badyh.org\\\/tr\\\/#website\"},\"primaryImageOfPage\":{\"@id\":\"https:\\\/\\\/badyh.org\\\/tr\\\/sikayet-ve-oneriler\\\/#primaryimage\"},\"image\":{\"@id\":\"https:\\\/\\\/badyh.org\\\/tr\\\/sikayet-ve-oneriler\\\/#primaryimage\"},\"thumbnailUrl\":\"https:\\\/\\\/badyh.org\\\/tr\\\/wp-content\\\/uploads\\\/sites\\\/3\\\/2020\\\/03\\\/box-icon2.png\",\"datePublished\":\"2020-03-17T14:48:03+00:00\",\"dateModified\":\"2022-11-12T00:24:26+00:00\",\"breadcrumb\":{\"@id\":\"https:\\\/\\\/badyh.org\\\/tr\\\/sikayet-ve-oneriler\\\/#breadcrumb\"},\"inLanguage\":\"tr\",\"potentialAction\":[{\"@type\":\"ReadAction\",\"target\":[\"https:\\\/\\\/badyh.org\\\/tr\\\/sikayet-ve-oneriler\\\/\"]}]},{\"@type\":\"ImageObject\",\"inLanguage\":\"tr\",\"@id\":\"https:\\\/\\\/badyh.org\\\/tr\\\/sikayet-ve-oneriler\\\/#primaryimage\",\"url\":\"https:\\\/\\\/badyh.org\\\/tr\\\/wp-content\\\/uploads\\\/sites\\\/3\\\/2020\\\/03\\\/box-icon2.png\",\"contentUrl\":\"https:\\\/\\\/badyh.org\\\/tr\\\/wp-content\\\/uploads\\\/sites\\\/3\\\/2020\\\/03\\\/box-icon2.png\"},{\"@type\":\"BreadcrumbList\",\"@id\":\"https:\\\/\\\/badyh.org\\\/tr\\\/sikayet-ve-oneriler\\\/#breadcrumb\",\"itemListElement\":[{\"@type\":\"ListItem\",\"position\":1,\"name\":\"\u0627\u0644\u0631\u0626\u064a\u0633\u064a\u0629\",\"item\":\"https:\\\/\\\/badyh.org\\\/tr\\\/\"},{\"@type\":\"ListItem\",\"position\":2,\"name\":\"\u015eikayet ve \u00d6neriler\"}]},{\"@type\":\"WebSite\",\"@id\":\"https:\\\/\\\/badyh.org\\\/tr\\\/#website\",\"url\":\"https:\\\/\\\/badyh.org\\\/tr\\\/\",\"name\":\"El-Badyh Kalk\u0131nma ve \u0130nsani Yard\u0131m Derne\u011fi\",\"description\":\"\u0645\u0648\u0642\u0639 \u0622\u062e\u0631 \u0641\u064a \u0645\u0624\u0633\u0633\u0629 \u0627\u0644\u0628\u0627\u062f\u064a\u0629 \u0644\u0644\u062a\u0646\u0645\u064a\u0629 \u0648\u0627\u0644\u0627\u0639\u0645\u0627\u0644 \u0627\u0644\u0625\u0646\u0633\u0627\u0646\u064a\u0629\",\"potentialAction\":[{\"@type\":\"SearchAction\",\"target\":{\"@type\":\"EntryPoint\",\"urlTemplate\":\"https:\\\/\\\/badyh.org\\\/tr\\\/?s={search_term_string}\"},\"query-input\":{\"@type\":\"PropertyValueSpecification\",\"valueRequired\":true,\"valueName\":\"search_term_string\"}}],\"inLanguage\":\"tr\"}]}<\/script>\n<!-- \/ Yoast SEO plugin. -->","yoast_head_json":{"title":"\u015eikayet ve \u00d6neriler - El-Badyh Kalk\u0131nma ve \u0130nsani Yard\u0131m Derne\u011fi","robots":{"index":"index","follow":"follow","max-snippet":"max-snippet:-1","max-image-preview":"max-image-preview:large","max-video-preview":"max-video-preview:-1"},"canonical":"https:\/\/badyh.org\/tr\/sikayet-ve-oneriler\/","og_locale":"tr_TR","og_type":"article","og_title":"\u015eikayet ve \u00d6neriler - El-Badyh Kalk\u0131nma ve \u0130nsani Yard\u0131m Derne\u011fi","og_description":"\u0130leti\u015fim 7\/24 Sorununuz Var Ekibimiz Size Yard\u0131mc\u0131 Olsun: \u015eimdi G\u00f6nder \u0394 \u0130leti\u015fim Adres Adres : qaten, Badyh complex, Al-Khabbah neighborhood, Wadi Hadramout\/Hadhramout, YEMEN Mobil : 00967711797771 00967772204777 Mail : Info@badyh.org Badiyh@gmail.com","og_url":"https:\/\/badyh.org\/tr\/sikayet-ve-oneriler\/","og_site_name":"El-Badyh Kalk\u0131nma ve \u0130nsani Yard\u0131m Derne\u011fi","article_modified_time":"2022-11-12T00:24:26+00:00","og_image":[{"url":"https:\/\/badyh.org\/tr\/wp-content\/uploads\/sites\/3\/2020\/03\/box-icon2.png","type":"","width":"","height":""}],"twitter_card":"summary_large_image","twitter_misc":{"Tahmini okuma s\u00fcresi":"1 dakika"},"schema":{"@context":"https:\/\/schema.org","@graph":[{"@type":"WebPage","@id":"https:\/\/badyh.org\/tr\/sikayet-ve-oneriler\/","url":"https:\/\/badyh.org\/tr\/sikayet-ve-oneriler\/","name":"\u015eikayet ve \u00d6neriler - El-Badyh Kalk\u0131nma ve \u0130nsani Yard\u0131m Derne\u011fi","isPartOf":{"@id":"https:\/\/badyh.org\/tr\/#website"},"primaryImageOfPage":{"@id":"https:\/\/badyh.org\/tr\/sikayet-ve-oneriler\/#primaryimage"},"image":{"@id":"https:\/\/badyh.org\/tr\/sikayet-ve-oneriler\/#primaryimage"},"thumbnailUrl":"https:\/\/badyh.org\/tr\/wp-content\/uploads\/sites\/3\/2020\/03\/box-icon2.png","datePublished":"2020-03-17T14:48:03+00:00","dateModified":"2022-11-12T00:24:26+00:00","breadcrumb":{"@id":"https:\/\/badyh.org\/tr\/sikayet-ve-oneriler\/#breadcrumb"},"inLanguage":"tr","potentialAction":[{"@type":"ReadAction","target":["https:\/\/badyh.org\/tr\/sikayet-ve-oneriler\/"]}]},{"@type":"ImageObject","inLanguage":"tr","@id":"https:\/\/badyh.org\/tr\/sikayet-ve-oneriler\/#primaryimage","url":"https:\/\/badyh.org\/tr\/wp-content\/uploads\/sites\/3\/2020\/03\/box-icon2.png","contentUrl":"https:\/\/badyh.org\/tr\/wp-content\/uploads\/sites\/3\/2020\/03\/box-icon2.png"},{"@type":"BreadcrumbList","@id":"https:\/\/badyh.org\/tr\/sikayet-ve-oneriler\/#breadcrumb","itemListElement":[{"@type":"ListItem","position":1,"name":"\u0627\u0644\u0631\u0626\u064a\u0633\u064a\u0629","item":"https:\/\/badyh.org\/tr\/"},{"@type":"ListItem","position":2,"name":"\u015eikayet ve \u00d6neriler"}]},{"@type":"WebSite","@id":"https:\/\/badyh.org\/tr\/#website","url":"https:\/\/badyh.org\/tr\/","name":"El-Badyh Kalk\u0131nma ve \u0130nsani Yard\u0131m Derne\u011fi","description":"\u0645\u0648\u0642\u0639 \u0622\u062e\u0631 \u0641\u064a \u0645\u0624\u0633\u0633\u0629 \u0627\u0644\u0628\u0627\u062f\u064a\u0629 \u0644\u0644\u062a\u0646\u0645\u064a\u0629 \u0648\u0627\u0644\u0627\u0639\u0645\u0627\u0644 \u0627\u0644\u0625\u0646\u0633\u0627\u0646\u064a\u0629","potentialAction":[{"@type":"SearchAction","target":{"@type":"EntryPoint","urlTemplate":"https:\/\/badyh.org\/tr\/?s={search_term_string}"},"query-input":{"@type":"PropertyValueSpecification","valueRequired":true,"valueName":"search_term_string"}}],"inLanguage":"tr"}]}},"jetpack_sharing_enabled":true,"_links":{"self":[{"href":"https:\/\/badyh.org\/tr\/wp-json\/wp\/v2\/pages\/2703","targetHints":{"allow":["GET"]}}],"collection":[{"href":"https:\/\/badyh.org\/tr\/wp-json\/wp\/v2\/pages"}],"about":[{"href":"https:\/\/badyh.org\/tr\/wp-json\/wp\/v2\/types\/page"}],"author":[{"embeddable":true,"href":"https:\/\/badyh.org\/tr\/wp-json\/wp\/v2\/users\/1"}],"replies":[{"embeddable":true,"href":"https:\/\/badyh.org\/tr\/wp-json\/wp\/v2\/comments?post=2703"}],"version-history":[{"count":0,"href":"https:\/\/badyh.org\/tr\/wp-json\/wp\/v2\/pages\/2703\/revisions"}],"wp:attachment":[{"href":"https:\/\/badyh.org\/tr\/wp-json\/wp\/v2\/media?parent=2703"}],"curies":[{"name":"wp","href":"https:\/\/api.w.org\/{rel}","templated":true}]}}