{"id":223,"date":"2020-03-04T11:27:41","date_gmt":"2020-03-04T11:27:41","guid":{"rendered":"https:\/\/demo.casethemes.net\/alico\/?page_id=223"},"modified":"2020-03-04T11:27:41","modified_gmt":"2020-03-04T11:27:41","slug":"portfolio-grid","status":"publish","type":"page","link":"https:\/\/badyh.org\/tr\/portfolio-grid\/","title":{"rendered":"Portfolio Grid"},"content":{"rendered":"\t\t<div data-elementor-type=\"wp-page\" data-elementor-id=\"223\" class=\"elementor elementor-223\" data-elementor-post-type=\"page\">\n\t\t\t\t        <section class=\"elementor-section elementor-top-section elementor-element elementor-element-6242795 elementor-section-boxed elementor-section-height-default elementor-section-height-default\" data-id=\"6242795\" data-element_type=\"section\" data-e-type=\"section\">\n            \n                        <div class=\"elementor-container elementor-column-gap-extended \">\n                    <div class=\"elementor-column elementor-col-100 elementor-top-column elementor-element elementor-element-26e8fa1\" data-id=\"26e8fa1\" data-element_type=\"column\" data-e-type=\"column\">\n        <div class=\"elementor-widget-wrap elementor-element-populated\">\n                    \n                <section class=\"elementor-section elementor-inner-section elementor-element elementor-element-ce1d63b elementor-section-content-middle elementor-section-boxed elementor-section-height-default elementor-section-height-default\" data-id=\"ce1d63b\" data-element_type=\"section\" data-e-type=\"section\">\n            \n                        <div class=\"elementor-container elementor-column-gap-extended \">\n                    <div class=\"elementor-column elementor-col-50 elementor-inner-column elementor-element elementor-element-dc5741b\" data-id=\"dc5741b\" data-element_type=\"column\" data-e-type=\"column\">\n        <div class=\"elementor-widget-wrap elementor-element-populated\">\n                    \n        \t\t<div class=\"elementor-element elementor-element-a381b9c elementor-widget elementor-widget-ct_heading\" data-id=\"a381b9c\" data-element_type=\"widget\" data-e-type=\"widget\" data-widget_type=\"ct_heading.default\">\n\t\t\t\t<div class=\"elementor-widget-container\">\n\t\t\t\t\t<div class=\"ct-heading ct-heading-default h-align- \" data-wow-duration=\"1.2s\">\r\n\t<div class=\"ct-heading--inner\">\r\n            \t\t<div class=\"item--sub-title style-default\">\r\n                <span>\r\n                       \r\n                    Portfolio                            \r\n                <\/span>\r\n            <\/div>\r\n    \t                <h3 class=\"item--title\">\r\n                        We want to build good market in world wide.        <\/h3>\r\n    <\/div>\r\n<\/div>\t\t\t\t<\/div>\n\t\t\t\t<\/div>\n\t\t            <\/div>\n        <\/div>\n                <div class=\"elementor-column elementor-col-50 elementor-inner-column elementor-element elementor-element-8b23a2a\" data-id=\"8b23a2a\" data-element_type=\"column\" data-e-type=\"column\">\n        <div class=\"elementor-widget-wrap elementor-element-populated\">\n                    \n        \t\t<div class=\"elementor-element elementor-element-2f09ebc elementor-widget elementor-widget-ct_text_editor\" data-id=\"2f09ebc\" data-element_type=\"widget\" data-e-type=\"widget\" data-widget_type=\"ct_text_editor.default\">\n\t\t\t\t<div class=\"elementor-widget-container\">\n\t\t\t\t\t<div id=\"ct_text_editor-2f09ebc\" class=\"ct-text-editor \">\n\t<div class=\"ct-item--inner\">\n\t\t<div class=\"ct-inline-css\"  data-css=\"\n\t        \">\n\t    <\/div>\n\t\t<div class=\"ct-text-editor elementor-clearfix\">Employees need to realize the importance of working well with their teammates when coming into a new job or an existing one. A team player is more valuable.<\/div>\n\t<\/div>\n<\/div>\t\t\t\t<\/div>\n\t\t\t\t<\/div>\n\t\t            <\/div>\n        <\/div>\n                    <\/div>\n        <\/section>\n        \t\t<div class=\"elementor-element elementor-element-8cc01e7 elementor-widget elementor-widget-ct_portfolio_grid\" data-id=\"8cc01e7\" data-element_type=\"widget\" data-e-type=\"widget\" data-widget_type=\"ct_portfolio_grid.default\">\n\t\t\t\t<div class=\"elementor-widget-container\">\n\t\t\t\t\t\r\n<div id=\"ct_portfolio_grid-8cc01e7\" class=\"ct-grid ct-portfolio-grid1\" data-layout=\"masonry\" data-start-page=\"1\" data-max-pages=\"1\" data-total=\"3\" data-perpage=\"8\" data-next-link=\"\">\r\n    <div class=\"ct-grid-overlay\"><\/div>\r\n            <div class=\"grid-filter-wrap\">\r\n            <span class=\"filter-item active\" data-filter=\"*\">All<\/span>\r\n                                                            \r\n                <span class=\"filter-item\" data-filter=\".logistics\">\r\n                    Logistics                <\/span>\r\n                                                            \r\n                <span class=\"filter-item\" data-filter=\".strategy\">\r\n                    Strategy                <\/span>\r\n                    <\/div>\r\n    \r\n    <div class=\"ct-grid-inner ct-grid-masonry row animate-time\" data-gutter=\"15\">\r\n                        <div class=\"grid-item col-xl-3 col-lg-3 col-md-6 col-sm-6 col-12 logistics\">\r\n                    <div class=\"grid-item-inner \" data-wow-duration=\"1.2s\">\r\n                                                    <div class=\"item--featured\">\r\n                                <img fetchpriority=\"high\" decoding=\"async\" class=\"\" src=\"https:\/\/badyh.org\/tr\/wp-content\/uploads\/sites\/3\/2019\/12\/IMG_9298-600x589.jpg\" width=\"600\" height=\"589\" alt=\"IMG_9298\" title=\"IMG_9298\" \/>                            <\/div>\r\n                                                \r\n                        <div class=\"item--holder\">\r\n                            <div class=\"item--meta\">\r\n                                                                    <h3 class=\"item--title\"><a href=\"https:\/\/badyh.org\/tr\/Profile\/albadyh-kompleksi\/\">AlBadyh Kompleksi<\/a><\/h3>\r\n                                                                                                    <div class=\"item--category\">\r\n                                        <a href=\"https:\/\/badyh.org\/tr\/Category%20Slug\/logistics\/\" rel=\"tag\">Logistics<\/a>                                    <\/div>\r\n                                                            <\/div>\r\n                                                            <div class=\"item--readmore\">\r\n                                    <a href=\"https:\/\/badyh.org\/tr\/Profile\/albadyh-kompleksi\/\">+<\/a>\r\n                                <\/div>\r\n                                                    <\/div>\r\n                    <\/div>\r\n                <\/div>\r\n                            <div class=\"grid-item col-xl-3 col-lg-3 col-md-6 col-sm-6 col-12 logistics\">\r\n                    <div class=\"grid-item-inner \" data-wow-duration=\"1.2s\">\r\n                                                    <div class=\"item--featured\">\r\n                                <img decoding=\"async\" class=\"\" src=\"https:\/\/badyh.org\/tr\/wp-content\/uploads\/sites\/3\/2022\/11\/\u0627\u0644\u0639\u0645\u0644-600x589.jpg\" width=\"600\" height=\"589\" alt=\"\u0646\u0637\u0627\u0642 \u0627\u0644\u0639\u0645\u0644\" title=\"\u0646\u0637\u0627\u0642 \u0627\u0644\u0639\u0645\u0644\" \/>                            <\/div>\r\n                                                \r\n                        <div class=\"item--holder\">\r\n                            <div class=\"item--meta\">\r\n                                                                    <h3 class=\"item--title\"><a href=\"https:\/\/badyh.org\/tr\/Profile\/calisma-planimiz\/\">\u00c7al\u0131\u015fma Plan\u0131m\u0131z<\/a><\/h3>\r\n                                                                                                    <div class=\"item--category\">\r\n                                        <a href=\"https:\/\/badyh.org\/tr\/Category%20Slug\/logistics\/\" rel=\"tag\">Logistics<\/a>                                    <\/div>\r\n                                                            <\/div>\r\n                                                            <div class=\"item--readmore\">\r\n                                    <a href=\"https:\/\/badyh.org\/tr\/Profile\/calisma-planimiz\/\">+<\/a>\r\n                                <\/div>\r\n                                                    <\/div>\r\n                    <\/div>\r\n                <\/div>\r\n                            <div class=\"grid-item col-xl-3 col-lg-3 col-md-6 col-sm-6 col-12 strategy\">\r\n                    <div class=\"grid-item-inner \" data-wow-duration=\"1.2s\">\r\n                                                    <div class=\"item--featured\">\r\n                                <img decoding=\"async\" class=\"\" src=\"https:\/\/badyh.org\/tr\/wp-content\/uploads\/sites\/3\/2022\/11\/badiyh22-1-600x589.png\" width=\"600\" height=\"589\" alt=\"badiyh22-1.png\" title=\"badiyh22-1.png\" \/>                            <\/div>\r\n                                                \r\n                        <div class=\"item--holder\">\r\n                            <div class=\"item--meta\">\r\n                                                                    <h3 class=\"item--title\"><a href=\"https:\/\/badyh.org\/tr\/Profile\/biz-ne-yaptik\/\">Biz Ne Yapt\u0131k ?<\/a><\/h3>\r\n                                                                                                    <div class=\"item--category\">\r\n                                        <a href=\"https:\/\/badyh.org\/tr\/Category%20Slug\/strategy\/\" rel=\"tag\">Strategy<\/a>                                    <\/div>\r\n                                                            <\/div>\r\n                                                            <div class=\"item--readmore\">\r\n                                    <a href=\"https:\/\/badyh.org\/tr\/Profile\/biz-ne-yaptik\/\">+<\/a>\r\n                                <\/div>\r\n                                                    <\/div>\r\n                    <\/div>\r\n                <\/div>\r\n                                <div class=\"grid-sizer col-xl-3 col-lg-3 col-md-6 col-sm-6 col-12\"><\/div>\r\n            <\/div>\r\n        <\/div>\t\t\t\t<\/div>\n\t\t\t\t<\/div>\n\t\t            <\/div>\n        <\/div>\n                    <\/div>\n        <\/section>\n        \t\t<\/div>\n\t\t","protected":false},"excerpt":{"rendered":"<p>Portfolio We want to build good market in world wide. Employees need to realize the importance of working well with their teammates when coming into a new job or an existing one. A team player is more valuable. All Coaching Facilitation Stakeholder relations Strategy Business Growth Coaching + Digital Analysis Facilitation + Chan Agency Coaching [&hellip;]<\/p>\n","protected":false},"author":1,"featured_media":0,"parent":0,"menu_order":0,"comment_status":"closed","ping_status":"closed","template":"","meta":{"rs_blank_template":"","rs_page_bg_color":"#ffffff","slide_template_v7":"","footnotes":""},"class_list":["post-223","page","type-page","status-publish","hentry"],"yoast_head":"<!-- This site is optimized with the Yoast SEO plugin v27.4 - https:\/\/yoast.com\/product\/yoast-seo-wordpress\/ -->\n<title>Portfolio Grid - El-Badyh Kalk\u0131nma ve \u0130nsani Yard\u0131m Derne\u011fi<\/title>\n<meta name=\"robots\" content=\"index, follow, max-snippet:-1, max-image-preview:large, max-video-preview:-1\" \/>\n<link rel=\"canonical\" href=\"https:\/\/badyh.org\/tr\/portfolio-grid\/\" \/>\n<meta property=\"og:locale\" content=\"tr_TR\" \/>\n<meta property=\"og:type\" content=\"article\" \/>\n<meta property=\"og:title\" content=\"Portfolio Grid - El-Badyh Kalk\u0131nma ve \u0130nsani Yard\u0131m Derne\u011fi\" \/>\n<meta property=\"og:description\" content=\"Portfolio We want to build good market in world wide. Employees need to realize the importance of working well with their teammates when coming into a new job or an existing one. A team player is more valuable. All Coaching Facilitation Stakeholder relations Strategy Business Growth Coaching + Digital Analysis Facilitation + Chan Agency Coaching [&hellip;]\" \/>\n<meta property=\"og:url\" content=\"https:\/\/badyh.org\/tr\/portfolio-grid\/\" \/>\n<meta property=\"og:site_name\" content=\"El-Badyh Kalk\u0131nma ve \u0130nsani Yard\u0131m Derne\u011fi\" \/>\n<meta property=\"og:image\" content=\"https:\/\/demo.casethemes.net\/alico\/wp-content\/uploads\/2020\/03\/theme-01-600x589.jpg\" \/>\n<meta name=\"twitter:card\" content=\"summary_large_image\" \/>\n<script type=\"application\/ld+json\" class=\"yoast-schema-graph\">{\"@context\":\"https:\\\/\\\/schema.org\",\"@graph\":[{\"@type\":\"WebPage\",\"@id\":\"https:\\\/\\\/badyh.org\\\/tr\\\/portfolio-grid\\\/\",\"url\":\"https:\\\/\\\/badyh.org\\\/tr\\\/portfolio-grid\\\/\",\"name\":\"Portfolio Grid - El-Badyh Kalk\u0131nma ve \u0130nsani Yard\u0131m Derne\u011fi\",\"isPartOf\":{\"@id\":\"https:\\\/\\\/badyh.org\\\/tr\\\/#website\"},\"primaryImageOfPage\":{\"@id\":\"https:\\\/\\\/badyh.org\\\/tr\\\/portfolio-grid\\\/#primaryimage\"},\"image\":{\"@id\":\"https:\\\/\\\/badyh.org\\\/tr\\\/portfolio-grid\\\/#primaryimage\"},\"thumbnailUrl\":\"https:\\\/\\\/demo.casethemes.net\\\/alico\\\/wp-content\\\/uploads\\\/2020\\\/03\\\/theme-01-600x589.jpg\",\"datePublished\":\"2020-03-04T11:27:41+00:00\",\"breadcrumb\":{\"@id\":\"https:\\\/\\\/badyh.org\\\/tr\\\/portfolio-grid\\\/#breadcrumb\"},\"inLanguage\":\"tr\",\"potentialAction\":[{\"@type\":\"ReadAction\",\"target\":[\"https:\\\/\\\/badyh.org\\\/tr\\\/portfolio-grid\\\/\"]}]},{\"@type\":\"ImageObject\",\"inLanguage\":\"tr\",\"@id\":\"https:\\\/\\\/badyh.org\\\/tr\\\/portfolio-grid\\\/#primaryimage\",\"url\":\"https:\\\/\\\/demo.casethemes.net\\\/alico\\\/wp-content\\\/uploads\\\/2020\\\/03\\\/theme-01-600x589.jpg\",\"contentUrl\":\"https:\\\/\\\/demo.casethemes.net\\\/alico\\\/wp-content\\\/uploads\\\/2020\\\/03\\\/theme-01-600x589.jpg\"},{\"@type\":\"BreadcrumbList\",\"@id\":\"https:\\\/\\\/badyh.org\\\/tr\\\/portfolio-grid\\\/#breadcrumb\",\"itemListElement\":[{\"@type\":\"ListItem\",\"position\":1,\"name\":\"\u0627\u0644\u0631\u0626\u064a\u0633\u064a\u0629\",\"item\":\"https:\\\/\\\/badyh.org\\\/tr\\\/\"},{\"@type\":\"ListItem\",\"position\":2,\"name\":\"Portfolio Grid\"}]},{\"@type\":\"WebSite\",\"@id\":\"https:\\\/\\\/badyh.org\\\/tr\\\/#website\",\"url\":\"https:\\\/\\\/badyh.org\\\/tr\\\/\",\"name\":\"El-Badyh Kalk\u0131nma ve \u0130nsani Yard\u0131m Derne\u011fi\",\"description\":\"\u0645\u0648\u0642\u0639 \u0622\u062e\u0631 \u0641\u064a \u0645\u0624\u0633\u0633\u0629 \u0627\u0644\u0628\u0627\u062f\u064a\u0629 \u0644\u0644\u062a\u0646\u0645\u064a\u0629 \u0648\u0627\u0644\u0627\u0639\u0645\u0627\u0644 \u0627\u0644\u0625\u0646\u0633\u0627\u0646\u064a\u0629\",\"potentialAction\":[{\"@type\":\"SearchAction\",\"target\":{\"@type\":\"EntryPoint\",\"urlTemplate\":\"https:\\\/\\\/badyh.org\\\/tr\\\/?s={search_term_string}\"},\"query-input\":{\"@type\":\"PropertyValueSpecification\",\"valueRequired\":true,\"valueName\":\"search_term_string\"}}],\"inLanguage\":\"tr\"}]}<\/script>\n<!-- \/ Yoast SEO plugin. -->","yoast_head_json":{"title":"Portfolio Grid - El-Badyh Kalk\u0131nma ve \u0130nsani Yard\u0131m Derne\u011fi","robots":{"index":"index","follow":"follow","max-snippet":"max-snippet:-1","max-image-preview":"max-image-preview:large","max-video-preview":"max-video-preview:-1"},"canonical":"https:\/\/badyh.org\/tr\/portfolio-grid\/","og_locale":"tr_TR","og_type":"article","og_title":"Portfolio Grid - El-Badyh Kalk\u0131nma ve \u0130nsani Yard\u0131m Derne\u011fi","og_description":"Portfolio We want to build good market in world wide. Employees need to realize the importance of working well with their teammates when coming into a new job or an existing one. A team player is more valuable. All Coaching Facilitation Stakeholder relations Strategy Business Growth Coaching + Digital Analysis Facilitation + Chan Agency Coaching [&hellip;]","og_url":"https:\/\/badyh.org\/tr\/portfolio-grid\/","og_site_name":"El-Badyh Kalk\u0131nma ve \u0130nsani Yard\u0131m Derne\u011fi","og_image":[{"url":"https:\/\/demo.casethemes.net\/alico\/wp-content\/uploads\/2020\/03\/theme-01-600x589.jpg","type":"","width":"","height":""}],"twitter_card":"summary_large_image","schema":{"@context":"https:\/\/schema.org","@graph":[{"@type":"WebPage","@id":"https:\/\/badyh.org\/tr\/portfolio-grid\/","url":"https:\/\/badyh.org\/tr\/portfolio-grid\/","name":"Portfolio Grid - El-Badyh Kalk\u0131nma ve \u0130nsani Yard\u0131m Derne\u011fi","isPartOf":{"@id":"https:\/\/badyh.org\/tr\/#website"},"primaryImageOfPage":{"@id":"https:\/\/badyh.org\/tr\/portfolio-grid\/#primaryimage"},"image":{"@id":"https:\/\/badyh.org\/tr\/portfolio-grid\/#primaryimage"},"thumbnailUrl":"https:\/\/demo.casethemes.net\/alico\/wp-content\/uploads\/2020\/03\/theme-01-600x589.jpg","datePublished":"2020-03-04T11:27:41+00:00","breadcrumb":{"@id":"https:\/\/badyh.org\/tr\/portfolio-grid\/#breadcrumb"},"inLanguage":"tr","potentialAction":[{"@type":"ReadAction","target":["https:\/\/badyh.org\/tr\/portfolio-grid\/"]}]},{"@type":"ImageObject","inLanguage":"tr","@id":"https:\/\/badyh.org\/tr\/portfolio-grid\/#primaryimage","url":"https:\/\/demo.casethemes.net\/alico\/wp-content\/uploads\/2020\/03\/theme-01-600x589.jpg","contentUrl":"https:\/\/demo.casethemes.net\/alico\/wp-content\/uploads\/2020\/03\/theme-01-600x589.jpg"},{"@type":"BreadcrumbList","@id":"https:\/\/badyh.org\/tr\/portfolio-grid\/#breadcrumb","itemListElement":[{"@type":"ListItem","position":1,"name":"\u0627\u0644\u0631\u0626\u064a\u0633\u064a\u0629","item":"https:\/\/badyh.org\/tr\/"},{"@type":"ListItem","position":2,"name":"Portfolio Grid"}]},{"@type":"WebSite","@id":"https:\/\/badyh.org\/tr\/#website","url":"https:\/\/badyh.org\/tr\/","name":"El-Badyh Kalk\u0131nma ve \u0130nsani Yard\u0131m Derne\u011fi","description":"\u0645\u0648\u0642\u0639 \u0622\u062e\u0631 \u0641\u064a \u0645\u0624\u0633\u0633\u0629 \u0627\u0644\u0628\u0627\u062f\u064a\u0629 \u0644\u0644\u062a\u0646\u0645\u064a\u0629 \u0648\u0627\u0644\u0627\u0639\u0645\u0627\u0644 \u0627\u0644\u0625\u0646\u0633\u0627\u0646\u064a\u0629","potentialAction":[{"@type":"SearchAction","target":{"@type":"EntryPoint","urlTemplate":"https:\/\/badyh.org\/tr\/?s={search_term_string}"},"query-input":{"@type":"PropertyValueSpecification","valueRequired":true,"valueName":"search_term_string"}}],"inLanguage":"tr"}]}},"jetpack_sharing_enabled":true,"_links":{"self":[{"href":"https:\/\/badyh.org\/tr\/wp-json\/wp\/v2\/pages\/223","targetHints":{"allow":["GET"]}}],"collection":[{"href":"https:\/\/badyh.org\/tr\/wp-json\/wp\/v2\/pages"}],"about":[{"href":"https:\/\/badyh.org\/tr\/wp-json\/wp\/v2\/types\/page"}],"author":[{"embeddable":true,"href":"https:\/\/badyh.org\/tr\/wp-json\/wp\/v2\/users\/1"}],"replies":[{"embeddable":true,"href":"https:\/\/badyh.org\/tr\/wp-json\/wp\/v2\/comments?post=223"}],"version-history":[{"count":0,"href":"https:\/\/badyh.org\/tr\/wp-json\/wp\/v2\/pages\/223\/revisions"}],"wp:attachment":[{"href":"https:\/\/badyh.org\/tr\/wp-json\/wp\/v2\/media?parent=223"}],"curies":[{"name":"wp","href":"https:\/\/api.w.org\/{rel}","templated":true}]}}