{"id":217,"date":"2020-03-04T11:26:07","date_gmt":"2020-03-04T11:26:07","guid":{"rendered":"https:\/\/demo.casethemes.net\/alico\/?page_id=217"},"modified":"2022-11-12T02:02:39","modified_gmt":"2022-11-11T23:02:39","slug":"referanslar","status":"publish","type":"page","link":"https:\/\/badyh.org\/tr\/referanslar\/","title":{"rendered":"Referanslar"},"content":{"rendered":"\t\t<div data-elementor-type=\"wp-page\" data-elementor-id=\"217\" class=\"elementor elementor-217\" data-elementor-post-type=\"page\">\n\t\t\t\t        <section class=\"elementor-section elementor-top-section elementor-element elementor-element-b452cc2 elementor-section-boxed elementor-section-height-default elementor-section-height-default\" data-id=\"b452cc2\" data-element_type=\"section\" data-e-type=\"section\">\n            \n                        <div class=\"elementor-container elementor-column-gap-default \">\n                    <div class=\"elementor-column elementor-col-100 elementor-top-column elementor-element elementor-element-3b6ce49\" data-id=\"3b6ce49\" data-element_type=\"column\" data-e-type=\"column\">\n        <div class=\"elementor-widget-wrap elementor-element-populated\">\n                    \n        \t\t<div class=\"elementor-element elementor-element-5f2f28be elementor-widget elementor-widget-ct_heading\" data-id=\"5f2f28be\" data-element_type=\"widget\" data-e-type=\"widget\" data-widget_type=\"ct_heading.default\">\n\t\t\t\t<div class=\"elementor-widget-container\">\n\t\t\t\t\t<div class=\"ct-heading ct-heading-dot h-align- \" data-wow-duration=\"1.2s\">\r\n\t<div class=\"ct-heading--inner\">\r\n            \t\t<div class=\"item--sub-title style-default\">\r\n                <span>\r\n                       \r\n                    Referanslar                            \r\n                <\/span>\r\n            <\/div>\r\n    \t                <h4 class=\"item--title\">\r\n                            <i class=\"dot-shape\">\r\n                    <i><\/i>\r\n                    <i><\/i>\r\n                    <i><\/i>\r\n                    <i><\/i>\r\n                    <i><\/i>\r\n                    <i><\/i>\r\n                <\/i>\r\n                        Memnun M\u00fc\u015fterilerimizden \u00c7ok <b\/>Say\u0131da Yorum Ald\u0131k.        <\/h4>\r\n    <\/div>\r\n<\/div>\t\t\t\t<\/div>\n\t\t\t\t<\/div>\n\t\t\t\t<div class=\"elementor-element elementor-element-225c4ca5 elementor-widget elementor-widget-ct_text_editor\" data-id=\"225c4ca5\" data-element_type=\"widget\" data-e-type=\"widget\" data-widget_type=\"ct_text_editor.default\">\n\t\t\t\t<div class=\"elementor-widget-container\">\n\t\t\t\t\t<div id=\"ct_text_editor-225c4ca5\" class=\"ct-text-editor \">\n\t<div class=\"ct-item--inner\">\n\t\t<div class=\"ct-inline-css\"  data-css=\"\n\t        \">\n\t    <\/div>\n\t\t<div class=\"ct-text-editor elementor-clearfix\"><p><span style=\"font-size: 12pt\"><em>Yapt\u0131\u011f\u0131m\u0131z I\u015fin Toplulu\u011fumuzu, M\u00fc\u015fterilerimizi Ve Tan\u0131d\u0131\u011f\u0131m\u0131z Ve Deneyimlerini Payla\u015fmaktan Mutluluk Duydu\u011fu Herkesi Olumlu Etkiledi\u011fini Duymak Bizim I\u00e7in Her Zaman Bir Zevktir.<\/em><\/span><\/p><\/div>\n\t<\/div>\n<\/div>\t\t\t\t<\/div>\n\t\t\t\t<\/div>\n\t\t            <\/div>\n        <\/div>\n                    <\/div>\n        <\/section>\n                <section class=\"elementor-section elementor-top-section elementor-element elementor-element-472a206 elementor-section-boxed elementor-section-height-default elementor-section-height-default\" data-id=\"472a206\" data-element_type=\"section\" data-e-type=\"section\">\n            \n                        <div class=\"elementor-container elementor-column-gap-extended \">\n                    <div class=\"elementor-column elementor-col-100 elementor-top-column elementor-element elementor-element-f914469\" data-id=\"f914469\" data-element_type=\"column\" data-e-type=\"column\">\n        <div class=\"elementor-widget-wrap elementor-element-populated\">\n                    \n        \t\t<div class=\"elementor-element elementor-element-64ba034 elementor-widget elementor-widget-ct_testimonial_grid\" data-id=\"64ba034\" data-element_type=\"widget\" data-e-type=\"widget\" data-widget_type=\"ct_testimonial_grid.default\">\n\t\t\t\t<div class=\"elementor-widget-container\">\n\t\t\t\t\t    <div class=\"ct-grid ct-testimonial-grid1\">\r\n        <div class=\"ct-grid-inner ct-grid-masonry row animate-time\" data-gutter=\"7\">\r\n                            <div class=\"grid-item col-xl-4 col-lg-4 col-md-6 col-sm-6 col-12\">\r\n                    <div class=\"item--inner wow fadeInUp\" data-wow-duration=\"1.2s\">\r\n                        <div class=\"item-icon\"><i>\u201c<\/i><\/div>\r\n                    \t                            <div class=\"item--image\">\r\n                                <img decoding=\"async\" class=\"\" src=\"https:\/\/badyh.org\/tr\/wp-content\/uploads\/sites\/3\/2022\/11\/\u0628\u0627\u0634\u0645\u0627\u062e-150x150.png\" width=\"150\" height=\"150\" alt=\"\u0639\u0644\u064a \u0628\u0627\u0634\u0645\u0627\u062e\" title=\"\u0639\u0644\u064a \u0628\u0627\u0634\u0645\u0627\u062e\" \/>                            <\/div>\r\n                                                <div class=\"item--holder\">\r\n                            <div class=\"item--description\">&quot;..Albadyh bir\u00e7ok sivil toplum kurulu\u015fu ve kurulu\u015funa nitelikli kadrolar kazand\u0131rmay\u0131 ba\u015fard\u0131 ve bug\u00fcn onlar\u0131n a\u00e7\u0131klamada at\u0131fta bulunulan bakanl\u0131klarda ve \u00e7al\u0131\u015fma kurulu\u015flar\u0131nda \u00f6nemli g\u00f6revlerde bulunduklar\u0131n\u0131 g\u00f6r\u00fcyoruz. Bunlar\u0131n hepsi Badia&#039;dan ilk lansmanlar\u0131yd\u0131 ve bunun pek \u00e7ok \u00f6rne\u011fi var ve bu ba\u015fl\u0131 ba\u015f\u0131na bir onur ve ba\u015far\u0131d\u0131r. Allah&#039;\u0131n selam\u0131 \u00fczerinize olsun.&quot;<\/div>\r\n                            <h3 class=\"item--title\">    \r\n                                Ali Hassan Bashmakh                            <\/h3>\r\n                            <div class=\"item--position\">Silah Vakf\u0131 Genel M\u00fcd\u00fcr\u00fc<\/div>\r\n                        <\/div>\r\n                   <\/div>\r\n                <\/div>\r\n                            <div class=\"grid-item col-xl-4 col-lg-4 col-md-6 col-sm-6 col-12\">\r\n                    <div class=\"item--inner wow fadeInUp\" data-wow-duration=\"1.2s\">\r\n                        <div class=\"item-icon\"><i>\u201c<\/i><\/div>\r\n                    \t                            <div class=\"item--image\">\r\n                                <img decoding=\"async\" class=\"\" src=\"https:\/\/badyh.org\/tr\/wp-content\/uploads\/sites\/3\/2022\/11\/\u0628\u0627\u0634\u0645\u0627\u062e-150x150.png\" width=\"150\" height=\"150\" alt=\"\u0639\u0644\u064a \u0628\u0627\u0634\u0645\u0627\u062e\" title=\"\u0639\u0644\u064a \u0628\u0627\u0634\u0645\u0627\u062e\" \/>                            <\/div>\r\n                                                <div class=\"item--holder\">\r\n                            <div class=\"item--description\">&quot;..Albadyh bir\u00e7ok sivil toplum kurulu\u015fu ve kurulu\u015funa nitelikli kadrolar kazand\u0131rmay\u0131 ba\u015fard\u0131 ve bug\u00fcn onlar\u0131n a\u00e7\u0131klamada at\u0131fta bulunulan bakanl\u0131klarda ve \u00e7al\u0131\u015fma kurulu\u015flar\u0131nda \u00f6nemli g\u00f6revlerde bulunduklar\u0131n\u0131 g\u00f6r\u00fcyoruz. Bunlar\u0131n hepsi Badia&#039;dan ilk lansmanlar\u0131yd\u0131 ve bunun pek \u00e7ok \u00f6rne\u011fi var ve bu ba\u015fl\u0131 ba\u015f\u0131na bir onur ve ba\u015far\u0131d\u0131r. Allah&#039;\u0131n selam\u0131 \u00fczerinize olsun.&quot;<\/div>\r\n                            <h3 class=\"item--title\">    \r\n                                Ali Hassan Bashmakh                            <\/h3>\r\n                            <div class=\"item--position\">Silah Vakf\u0131 Genel M\u00fcd\u00fcr\u00fc<\/div>\r\n                        <\/div>\r\n                   <\/div>\r\n                <\/div>\r\n                            <div class=\"grid-item col-xl-4 col-lg-4 col-md-6 col-sm-6 col-12\">\r\n                    <div class=\"item--inner wow fadeInUp\" data-wow-duration=\"1.2s\">\r\n                        <div class=\"item-icon\"><i>\u201c<\/i><\/div>\r\n                    \t                            <div class=\"item--image\">\r\n                                <img decoding=\"async\" class=\"\" src=\"https:\/\/badyh.org\/tr\/wp-content\/uploads\/sites\/3\/2022\/11\/\u0628\u0627\u0634\u0645\u0627\u062e-150x150.png\" width=\"150\" height=\"150\" alt=\"\u0639\u0644\u064a \u0628\u0627\u0634\u0645\u0627\u062e\" title=\"\u0639\u0644\u064a \u0628\u0627\u0634\u0645\u0627\u062e\" \/>                            <\/div>\r\n                                                <div class=\"item--holder\">\r\n                            <div class=\"item--description\">&quot;..Albadyh bir\u00e7ok sivil toplum kurulu\u015fu ve kurulu\u015funa nitelikli kadrolar kazand\u0131rmay\u0131 ba\u015fard\u0131 ve bug\u00fcn onlar\u0131n a\u00e7\u0131klamada at\u0131fta bulunulan bakanl\u0131klarda ve \u00e7al\u0131\u015fma kurulu\u015flar\u0131nda \u00f6nemli g\u00f6revlerde bulunduklar\u0131n\u0131 g\u00f6r\u00fcyoruz. Bunlar\u0131n hepsi Badia&#039;dan ilk lansmanlar\u0131yd\u0131 ve bunun pek \u00e7ok \u00f6rne\u011fi var ve bu ba\u015fl\u0131 ba\u015f\u0131na bir onur ve ba\u015far\u0131d\u0131r. Allah&#039;\u0131n selam\u0131 \u00fczerinize olsun.&quot;<\/div>\r\n                            <h3 class=\"item--title\">    \r\n                                Ali Hassan Bashmakh                            <\/h3>\r\n                            <div class=\"item--position\">Silah Vakf\u0131 Genel M\u00fcd\u00fcr\u00fc<\/div>\r\n                        <\/div>\r\n                   <\/div>\r\n                <\/div>\r\n                        <div class=\"grid-sizer col-xl-4 col-lg-4 col-md-6 col-sm-6 col-12\"><\/div>\r\n        <\/div>\r\n    <\/div>\r\n\t\t\t\t<\/div>\n\t\t\t\t<\/div>\n\t\t            <\/div>\n        <\/div>\n                    <\/div>\n        <\/section>\n        \t\t<\/div>\n\t\t","protected":false},"excerpt":{"rendered":"<p>Referanslar Memnun M\u00fc\u015fterilerimizden \u00c7ok Say\u0131da Yorum Ald\u0131k. Yapt\u0131\u011f\u0131m\u0131z I\u015fin Toplulu\u011fumuzu, M\u00fc\u015fterilerimizi Ve Tan\u0131d\u0131\u011f\u0131m\u0131z Ve Deneyimlerini Payla\u015fmaktan Mutluluk Duydu\u011fu Herkesi Olumlu Etkiledi\u011fini Duymak Bizim I\u00e7in Her Zaman Bir Zevktir. \u201c &quot;..Albadyh bir\u00e7ok sivil toplum kurulu\u015fu ve kurulu\u015funa nitelikli kadrolar kazand\u0131rmay\u0131 ba\u015fard\u0131 ve bug\u00fcn onlar\u0131n a\u00e7\u0131klamada at\u0131fta bulunulan bakanl\u0131klarda ve \u00e7al\u0131\u015fma kurulu\u015flar\u0131nda \u00f6nemli g\u00f6revlerde bulunduklar\u0131n\u0131 g\u00f6r\u00fcyoruz. Bunlar\u0131n [&hellip;]<\/p>\n","protected":false},"author":1,"featured_media":3863,"parent":0,"menu_order":0,"comment_status":"closed","ping_status":"closed","template":"","meta":{"rs_blank_template":"","rs_page_bg_color":"","slide_template_v7":"","footnotes":""},"class_list":["post-217","page","type-page","status-publish","has-post-thumbnail","hentry"],"yoast_head":"<!-- This site is optimized with the Yoast SEO plugin v27.4 - https:\/\/yoast.com\/product\/yoast-seo-wordpress\/ -->\n<title>Referanslar - El-Badyh Kalk\u0131nma ve \u0130nsani Yard\u0131m Derne\u011fi<\/title>\n<meta name=\"description\" content=\"Referanslar\" \/>\n<meta name=\"robots\" content=\"index, follow, max-snippet:-1, max-image-preview:large, max-video-preview:-1\" \/>\n<link rel=\"canonical\" href=\"https:\/\/badyh.org\/tr\/referanslar\/\" \/>\n<meta property=\"og:locale\" content=\"tr_TR\" \/>\n<meta property=\"og:type\" content=\"article\" \/>\n<meta property=\"og:title\" content=\"Referanslar - El-Badyh Kalk\u0131nma ve \u0130nsani Yard\u0131m Derne\u011fi\" \/>\n<meta property=\"og:description\" content=\"Referanslar\" \/>\n<meta property=\"og:url\" content=\"https:\/\/badyh.org\/tr\/referanslar\/\" \/>\n<meta property=\"og:site_name\" content=\"El-Badyh Kalk\u0131nma ve \u0130nsani Yard\u0131m Derne\u011fi\" \/>\n<meta property=\"article:modified_time\" content=\"2022-11-11T23:02:39+00:00\" \/>\n<meta property=\"og:image\" content=\"https:\/\/badyh.org\/tr\/wp-content\/uploads\/sites\/3\/2019\/12\/badiyh22-1.jpg\" \/>\n\t<meta property=\"og:image:width\" content=\"1600\" \/>\n\t<meta property=\"og:image:height\" content=\"945\" \/>\n\t<meta property=\"og:image:type\" content=\"image\/jpeg\" \/>\n<meta name=\"twitter:card\" content=\"summary_large_image\" \/>\n<meta name=\"twitter:label1\" content=\"Tahmini okuma s\u00fcresi\" \/>\n\t<meta name=\"twitter:data1\" content=\"2 dakika\" \/>\n<script type=\"application\/ld+json\" class=\"yoast-schema-graph\">{\"@context\":\"https:\\\/\\\/schema.org\",\"@graph\":[{\"@type\":\"WebPage\",\"@id\":\"https:\\\/\\\/badyh.org\\\/tr\\\/referanslar\\\/\",\"url\":\"https:\\\/\\\/badyh.org\\\/tr\\\/referanslar\\\/\",\"name\":\"Referanslar - El-Badyh Kalk\u0131nma ve \u0130nsani Yard\u0131m Derne\u011fi\",\"isPartOf\":{\"@id\":\"https:\\\/\\\/badyh.org\\\/tr\\\/#website\"},\"primaryImageOfPage\":{\"@id\":\"https:\\\/\\\/badyh.org\\\/tr\\\/referanslar\\\/#primaryimage\"},\"image\":{\"@id\":\"https:\\\/\\\/badyh.org\\\/tr\\\/referanslar\\\/#primaryimage\"},\"thumbnailUrl\":\"https:\\\/\\\/badyh.org\\\/tr\\\/wp-content\\\/uploads\\\/sites\\\/3\\\/2019\\\/12\\\/badiyh22-1.jpg\",\"datePublished\":\"2020-03-04T11:26:07+00:00\",\"dateModified\":\"2022-11-11T23:02:39+00:00\",\"description\":\"Referanslar\",\"breadcrumb\":{\"@id\":\"https:\\\/\\\/badyh.org\\\/tr\\\/referanslar\\\/#breadcrumb\"},\"inLanguage\":\"tr\",\"potentialAction\":[{\"@type\":\"ReadAction\",\"target\":[\"https:\\\/\\\/badyh.org\\\/tr\\\/referanslar\\\/\"]}]},{\"@type\":\"ImageObject\",\"inLanguage\":\"tr\",\"@id\":\"https:\\\/\\\/badyh.org\\\/tr\\\/referanslar\\\/#primaryimage\",\"url\":\"https:\\\/\\\/badyh.org\\\/tr\\\/wp-content\\\/uploads\\\/sites\\\/3\\\/2019\\\/12\\\/badiyh22-1.jpg\",\"contentUrl\":\"https:\\\/\\\/badyh.org\\\/tr\\\/wp-content\\\/uploads\\\/sites\\\/3\\\/2019\\\/12\\\/badiyh22-1.jpg\",\"width\":1600,\"height\":945},{\"@type\":\"BreadcrumbList\",\"@id\":\"https:\\\/\\\/badyh.org\\\/tr\\\/referanslar\\\/#breadcrumb\",\"itemListElement\":[{\"@type\":\"ListItem\",\"position\":1,\"name\":\"\u0627\u0644\u0631\u0626\u064a\u0633\u064a\u0629\",\"item\":\"https:\\\/\\\/badyh.org\\\/tr\\\/\"},{\"@type\":\"ListItem\",\"position\":2,\"name\":\"Referanslar\"}]},{\"@type\":\"WebSite\",\"@id\":\"https:\\\/\\\/badyh.org\\\/tr\\\/#website\",\"url\":\"https:\\\/\\\/badyh.org\\\/tr\\\/\",\"name\":\"El-Badyh Kalk\u0131nma ve \u0130nsani Yard\u0131m Derne\u011fi\",\"description\":\"\u0645\u0648\u0642\u0639 \u0622\u062e\u0631 \u0641\u064a \u0645\u0624\u0633\u0633\u0629 \u0627\u0644\u0628\u0627\u062f\u064a\u0629 \u0644\u0644\u062a\u0646\u0645\u064a\u0629 \u0648\u0627\u0644\u0627\u0639\u0645\u0627\u0644 \u0627\u0644\u0625\u0646\u0633\u0627\u0646\u064a\u0629\",\"potentialAction\":[{\"@type\":\"SearchAction\",\"target\":{\"@type\":\"EntryPoint\",\"urlTemplate\":\"https:\\\/\\\/badyh.org\\\/tr\\\/?s={search_term_string}\"},\"query-input\":{\"@type\":\"PropertyValueSpecification\",\"valueRequired\":true,\"valueName\":\"search_term_string\"}}],\"inLanguage\":\"tr\"}]}<\/script>\n<!-- \/ Yoast SEO plugin. -->","yoast_head_json":{"title":"Referanslar - El-Badyh Kalk\u0131nma ve \u0130nsani Yard\u0131m Derne\u011fi","description":"Referanslar","robots":{"index":"index","follow":"follow","max-snippet":"max-snippet:-1","max-image-preview":"max-image-preview:large","max-video-preview":"max-video-preview:-1"},"canonical":"https:\/\/badyh.org\/tr\/referanslar\/","og_locale":"tr_TR","og_type":"article","og_title":"Referanslar - El-Badyh Kalk\u0131nma ve \u0130nsani Yard\u0131m Derne\u011fi","og_description":"Referanslar","og_url":"https:\/\/badyh.org\/tr\/referanslar\/","og_site_name":"El-Badyh Kalk\u0131nma ve \u0130nsani Yard\u0131m Derne\u011fi","article_modified_time":"2022-11-11T23:02:39+00:00","og_image":[{"width":1600,"height":945,"url":"https:\/\/badyh.org\/tr\/wp-content\/uploads\/sites\/3\/2019\/12\/badiyh22-1.jpg","type":"image\/jpeg"}],"twitter_card":"summary_large_image","twitter_misc":{"Tahmini okuma s\u00fcresi":"2 dakika"},"schema":{"@context":"https:\/\/schema.org","@graph":[{"@type":"WebPage","@id":"https:\/\/badyh.org\/tr\/referanslar\/","url":"https:\/\/badyh.org\/tr\/referanslar\/","name":"Referanslar - El-Badyh Kalk\u0131nma ve \u0130nsani Yard\u0131m Derne\u011fi","isPartOf":{"@id":"https:\/\/badyh.org\/tr\/#website"},"primaryImageOfPage":{"@id":"https:\/\/badyh.org\/tr\/referanslar\/#primaryimage"},"image":{"@id":"https:\/\/badyh.org\/tr\/referanslar\/#primaryimage"},"thumbnailUrl":"https:\/\/badyh.org\/tr\/wp-content\/uploads\/sites\/3\/2019\/12\/badiyh22-1.jpg","datePublished":"2020-03-04T11:26:07+00:00","dateModified":"2022-11-11T23:02:39+00:00","description":"Referanslar","breadcrumb":{"@id":"https:\/\/badyh.org\/tr\/referanslar\/#breadcrumb"},"inLanguage":"tr","potentialAction":[{"@type":"ReadAction","target":["https:\/\/badyh.org\/tr\/referanslar\/"]}]},{"@type":"ImageObject","inLanguage":"tr","@id":"https:\/\/badyh.org\/tr\/referanslar\/#primaryimage","url":"https:\/\/badyh.org\/tr\/wp-content\/uploads\/sites\/3\/2019\/12\/badiyh22-1.jpg","contentUrl":"https:\/\/badyh.org\/tr\/wp-content\/uploads\/sites\/3\/2019\/12\/badiyh22-1.jpg","width":1600,"height":945},{"@type":"BreadcrumbList","@id":"https:\/\/badyh.org\/tr\/referanslar\/#breadcrumb","itemListElement":[{"@type":"ListItem","position":1,"name":"\u0627\u0644\u0631\u0626\u064a\u0633\u064a\u0629","item":"https:\/\/badyh.org\/tr\/"},{"@type":"ListItem","position":2,"name":"Referanslar"}]},{"@type":"WebSite","@id":"https:\/\/badyh.org\/tr\/#website","url":"https:\/\/badyh.org\/tr\/","name":"El-Badyh Kalk\u0131nma ve \u0130nsani Yard\u0131m Derne\u011fi","description":"\u0645\u0648\u0642\u0639 \u0622\u062e\u0631 \u0641\u064a \u0645\u0624\u0633\u0633\u0629 \u0627\u0644\u0628\u0627\u062f\u064a\u0629 \u0644\u0644\u062a\u0646\u0645\u064a\u0629 \u0648\u0627\u0644\u0627\u0639\u0645\u0627\u0644 \u0627\u0644\u0625\u0646\u0633\u0627\u0646\u064a\u0629","potentialAction":[{"@type":"SearchAction","target":{"@type":"EntryPoint","urlTemplate":"https:\/\/badyh.org\/tr\/?s={search_term_string}"},"query-input":{"@type":"PropertyValueSpecification","valueRequired":true,"valueName":"search_term_string"}}],"inLanguage":"tr"}]}},"jetpack_sharing_enabled":true,"_links":{"self":[{"href":"https:\/\/badyh.org\/tr\/wp-json\/wp\/v2\/pages\/217","targetHints":{"allow":["GET"]}}],"collection":[{"href":"https:\/\/badyh.org\/tr\/wp-json\/wp\/v2\/pages"}],"about":[{"href":"https:\/\/badyh.org\/tr\/wp-json\/wp\/v2\/types\/page"}],"author":[{"embeddable":true,"href":"https:\/\/badyh.org\/tr\/wp-json\/wp\/v2\/users\/1"}],"replies":[{"embeddable":true,"href":"https:\/\/badyh.org\/tr\/wp-json\/wp\/v2\/comments?post=217"}],"version-history":[{"count":1,"href":"https:\/\/badyh.org\/tr\/wp-json\/wp\/v2\/pages\/217\/revisions"}],"predecessor-version":[{"id":5566,"href":"https:\/\/badyh.org\/tr\/wp-json\/wp\/v2\/pages\/217\/revisions\/5566"}],"wp:featuredmedia":[{"embeddable":true,"href":"https:\/\/badyh.org\/tr\/wp-json\/wp\/v2\/media\/3863"}],"wp:attachment":[{"href":"https:\/\/badyh.org\/tr\/wp-json\/wp\/v2\/media?parent=217"}],"curies":[{"name":"wp","href":"https:\/\/api.w.org\/{rel}","templated":true}]}}