{"id":211,"date":"2020-03-04T11:25:15","date_gmt":"2020-03-04T11:25:15","guid":{"rendered":"https:\/\/demo.casethemes.net\/alico\/?page_id=211"},"modified":"2020-03-04T11:25:15","modified_gmt":"2020-03-04T11:25:15","slug":"prices","status":"publish","type":"page","link":"https:\/\/badyh.org\/tr\/prices\/","title":{"rendered":"Projects"},"content":{"rendered":"\t\t<div data-elementor-type=\"wp-page\" data-elementor-id=\"211\" class=\"elementor elementor-211\" data-elementor-post-type=\"page\">\n\t\t\t\t        <section class=\"elementor-section elementor-top-section elementor-element elementor-element-9353945 elementor-section-boxed elementor-section-height-default elementor-section-height-default\" data-id=\"9353945\" data-element_type=\"section\" data-e-type=\"section\">\n            \n                        <div class=\"elementor-container elementor-column-gap-extended \">\n                    <div class=\"elementor-column elementor-col-100 elementor-top-column elementor-element elementor-element-6cdc476\" data-id=\"6cdc476\" data-element_type=\"column\" data-e-type=\"column\">\n        <div class=\"elementor-widget-wrap elementor-element-populated\">\n                    \n        \t\t<div class=\"elementor-element elementor-element-aaee619 elementor-headline--style-highlight elementor-widget elementor-widget-animated-headline\" data-id=\"aaee619\" data-element_type=\"widget\" data-e-type=\"widget\" data-settings=\"{&quot;highlighted_text&quot;:&quot;Help Them 10&quot;,&quot;headline_style&quot;:&quot;highlight&quot;,&quot;marker&quot;:&quot;circle&quot;,&quot;loop&quot;:&quot;yes&quot;,&quot;highlight_animation_duration&quot;:1200,&quot;highlight_iteration_delay&quot;:8000}\" data-widget_type=\"animated-headline.default\">\n\t\t\t\t<div class=\"elementor-widget-container\">\n\t\t\t\t\t\t\t<h3 class=\"elementor-headline\">\n\t\t\t\t\t<span class=\"elementor-headline-plain-text elementor-headline-text-wrapper\">1. Humanitarian Aid <\/span>\n\t\t\t\t<span class=\"elementor-headline-dynamic-wrapper elementor-headline-text-wrapper\">\n\t\t\t\t\t<span class=\"elementor-headline-dynamic-text elementor-headline-text-active\">Help Them 10<\/span>\n\t\t\t\t<\/span>\n\t\t\t\t<\/h3>\n\t\t\t\t\t\t<\/div>\n\t\t\t\t<\/div>\n\t\t\t\t<div class=\"elementor-element elementor-element-f16aafa elementor-widget elementor-widget-ct_pricing\" data-id=\"f16aafa\" data-element_type=\"widget\" data-e-type=\"widget\" data-widget_type=\"ct_pricing.default\">\n\t\t\t\t<div class=\"elementor-widget-container\">\n\t\t\t\t\t<div class=\"ct-pricing ct-pricing-layout1 ct-pricing-tab-active\">\r\n            <div class=\"ct-pricing-tab-title\">\r\n                            <div class=\"ct-pricing-tab-item title-tab-monthly active\">Page 01<\/div>\r\n                                        <div class=\"ct-pricing-tab-item title-tab-year\">Page 02<\/div>\r\n                    <\/div>\r\n        <div class=\"ct-pricing-tab-content\">\r\n                    <div class=\"ct-pricing-body ct-pricing-monthly pricing-4-column\">\r\n                                <div class=\"ct-pricing-item wow fadeInUp\" data-wow-duration=\"1.2s\">\r\n                    <div class=\"ct-pricing-item-inner \">\r\n                        <div class=\"item-popular\">Food Security<\/div>\r\n                        <h3 class=\"ct-pricing-title\">Food Basket<\/h3>\r\n                        <div class=\"ct-pricing-subtitle\">Big Size<\/div>\r\n                        <div class=\"ct-pricing-price1\">$ 48<\/div>\r\n                        \r\n                                                                            <div class=\"ct-pricing-icon\">\r\n                                <img decoding=\"async\" width=\"60\" height=\"65\" src=\"https:\/\/badyh.org\/tr\/wp-content\/uploads\/sites\/3\/2020\/03\/\u0639\u0646\u0648\u0627\u0646-2.webp\" class=\"attachment-full\" alt=\"\" \/>                            <\/div>\r\n                        \r\n                        <div class=\"ct-pricing-desc\">It Consists Of: Flour 25 kg \/ Rice 10 kg \/ Cooking oil 4 liters \/ Sugar 10 kg \/ Beans 2 kg \/ Tea (1 packet) \/ Salt 1 kg<\/div>\r\n                        <div class=\"ct-pricing-price2\">$ 48<\/div>\r\n\r\n                                                    <div class=\"ct-pricing-button\">\r\n                                <a class=\"btn btn-default\" href=\"https:\/\/api.whatsapp.com\/send?phone=967711797771&amp;text=Hi,We hope you are well.. We have looked at your projects and we would like to contribute and donate.. could give me more details?\" target=\"_blank\">Donate Now<\/a>\r\n                            <\/div>\r\n                                            <\/div>\r\n                <\/div>\r\n                                <div class=\"ct-pricing-item wow fadeInUp\" data-wow-duration=\"1.2s\">\r\n                    <div class=\"ct-pricing-item-inner ct-pricing-featured\">\r\n                        <div class=\"item-popular\">Food Security<\/div>\r\n                        <h3 class=\"ct-pricing-title\">Food Basket<\/h3>\r\n                        <div class=\"ct-pricing-subtitle\">Big Size<\/div>\r\n                        <div class=\"ct-pricing-price1\">$ 48<\/div>\r\n                        \r\n                                                                            <div class=\"ct-pricing-icon\">\r\n                                <img decoding=\"async\" width=\"60\" height=\"65\" src=\"https:\/\/badyh.org\/tr\/wp-content\/uploads\/sites\/3\/2020\/03\/\u0639\u0646\u0648\u0627\u0646-2.webp\" class=\"attachment-full\" alt=\"\" \/>                            <\/div>\r\n                        \r\n                        <div class=\"ct-pricing-desc\">It Consists Of: Flour 25 kg \/ Rice 10 kg \/ Cooking oil 4 liters \/ Sugar 10 kg \/ Beans 2 kg \/ Tea (1 packet) \/ Salt 1 kg<\/div>\r\n                        <div class=\"ct-pricing-price2\">$ 48<\/div>\r\n\r\n                                                    <div class=\"ct-pricing-button\">\r\n                                <a class=\"btn btn-default\" href=\"https:\/\/api.whatsapp.com\/send?phone=967711797771&amp;text=Hi,We hope you are well.. We have looked at your projects and we would like to contribute and donate.. could give me more details?\" target=\"_blank\">Donate Now<\/a>\r\n                            <\/div>\r\n                                            <\/div>\r\n                <\/div>\r\n                                <div class=\"ct-pricing-item wow fadeInUp\" data-wow-duration=\"1.2s\">\r\n                    <div class=\"ct-pricing-item-inner \">\r\n                        <div class=\"item-popular\">Food Security<\/div>\r\n                        <h3 class=\"ct-pricing-title\">Food Basket<\/h3>\r\n                        <div class=\"ct-pricing-subtitle\">Big Size<\/div>\r\n                        <div class=\"ct-pricing-price1\">$ 48<\/div>\r\n                        \r\n                                                                            <div class=\"ct-pricing-icon\">\r\n                                <img decoding=\"async\" width=\"60\" height=\"65\" src=\"https:\/\/badyh.org\/tr\/wp-content\/uploads\/sites\/3\/2020\/03\/\u0639\u0646\u0648\u0627\u0646-2.webp\" class=\"attachment-full\" alt=\"\" \/>                            <\/div>\r\n                        \r\n                        <div class=\"ct-pricing-desc\">It Consists Of: Flour 25 kg \/ Rice 10 kg \/ Cooking oil 4 liters \/ Sugar 10 kg \/ Beans 2 kg \/ Tea (1 packet) \/ Salt 1 kg<\/div>\r\n                        <div class=\"ct-pricing-price2\">$ 48<\/div>\r\n\r\n                                                    <div class=\"ct-pricing-button\">\r\n                                <a class=\"btn btn-default\" href=\"https:\/\/api.whatsapp.com\/send?phone=967711797771&amp;text=Hi,We hope you are well.. We have looked at your projects and we would like to contribute and donate.. could give me more details?\" target=\"_blank\">Donate Now<\/a>\r\n                            <\/div>\r\n                                            <\/div>\r\n                <\/div>\r\n                                <div class=\"ct-pricing-item wow fadeInUp\" data-wow-duration=\"1.2s\">\r\n                    <div class=\"ct-pricing-item-inner ct-pricing-featured\">\r\n                        <div class=\"item-popular\">Food Security<\/div>\r\n                        <h3 class=\"ct-pricing-title\">Food Basket<\/h3>\r\n                        <div class=\"ct-pricing-subtitle\">Big Size<\/div>\r\n                        <div class=\"ct-pricing-price1\">$ 48<\/div>\r\n                        \r\n                                                                            <div class=\"ct-pricing-icon\">\r\n                                <img decoding=\"async\" width=\"60\" height=\"65\" src=\"https:\/\/badyh.org\/tr\/wp-content\/uploads\/sites\/3\/2020\/03\/\u0639\u0646\u0648\u0627\u0646-2.webp\" class=\"attachment-full\" alt=\"\" \/>                            <\/div>\r\n                        \r\n                        <div class=\"ct-pricing-desc\">It Consists Of: Flour 25 kg \/ Rice 10 kg \/ Cooking oil 4 liters \/ Sugar 10 kg \/ Beans 2 kg \/ Tea (1 packet) \/ Salt 1 kg<\/div>\r\n                        <div class=\"ct-pricing-price2\">$ 48<\/div>\r\n\r\n                                                    <div class=\"ct-pricing-button\">\r\n                                <a class=\"btn btn-default\" href=\"https:\/\/api.whatsapp.com\/send?phone=967711797771&amp;text=Hi,We hope you are well.. We have looked at your projects and we would like to contribute and donate.. could give me more details?\" target=\"_blank\">Donate Now<\/a>\r\n                            <\/div>\r\n                                            <\/div>\r\n                <\/div>\r\n                            <\/div>\r\n                            <div class=\"ct-pricing-body ct-pricing-year ct-pricing-hide pricing-4-column\">\r\n                                <div class=\"ct-pricing-item\">\r\n                    <div class=\"ct-pricing-item-inner ct-pricing-featured\">\r\n                        <div class=\"item-popular\">Food security<\/div>\r\n                        <h3 class=\"ct-pricing-title\">Food Basket<\/h3>\r\n                        <div class=\"ct-pricing-subtitle\">Big Size<\/div>\r\n                        <div class=\"ct-pricing-price1\">$48<\/div>\r\n                        \r\n                                                                            <div class=\"ct-pricing-icon\">\r\n                                <img decoding=\"async\" width=\"60\" height=\"65\" src=\"https:\/\/badyh.org\/tr\/wp-content\/uploads\/sites\/3\/2020\/03\/\u0639\u0646\u0648\u0627\u0646-2.webp\" class=\"attachment-full\" alt=\"\" \/>                            <\/div>\r\n                        \r\n                        <div class=\"ct-pricing-desc\">It Consists Of: Flour 25 kg \/ Rice 10 kg \/ Cooking oil 4 liters \/ Sugar 10 kg \/ Beans 2 kg \/ Tea (1 packet) \/ Salt 1 kg<\/div>\r\n                        <div class=\"ct-pricing-price2\">$48<\/div>\r\n\r\n                                                    <div class=\"ct-pricing-button\">\r\n                                <a class=\"btn btn-default\" href=\"https:\/\/api.whatsapp.com\/send?phone=967711797771&amp;text=Hi,We hope you are well.. We have looked at your projects and we would like to contribute and donate.. could give me more details? https:\/\/api.whatsapp.com\/send?phone=967711797771&amp;text=Hi,We hope you are well.. We have looked at your projects and we would like to contribute and donate.. could give me more details?\" target=\"_blank _blank\">DONATE NOW<\/a>\r\n                            <\/div>\r\n                                            <\/div>\r\n                <\/div>\r\n                                <div class=\"ct-pricing-item\">\r\n                    <div class=\"ct-pricing-item-inner \">\r\n                        <div class=\"item-popular\">Food security<\/div>\r\n                        <h3 class=\"ct-pricing-title\">Food Basket<\/h3>\r\n                        <div class=\"ct-pricing-subtitle\">Big Size<\/div>\r\n                        <div class=\"ct-pricing-price1\">$48<\/div>\r\n                        \r\n                                                                            <div class=\"ct-pricing-icon\">\r\n                                <img decoding=\"async\" width=\"60\" height=\"65\" src=\"https:\/\/badyh.org\/tr\/wp-content\/uploads\/sites\/3\/2020\/03\/\u0639\u0646\u0648\u0627\u0646-2.webp\" class=\"attachment-full\" alt=\"\" \/>                            <\/div>\r\n                        \r\n                        <div class=\"ct-pricing-desc\">It Consists Of: Flour 25 kg \/ Rice 10 kg \/ Cooking oil 4 liters \/ Sugar 10 kg \/ Beans 2 kg \/ Tea (1 packet) \/ Salt 1 kg<\/div>\r\n                        <div class=\"ct-pricing-price2\">$48<\/div>\r\n\r\n                                                    <div class=\"ct-pricing-button\">\r\n                                <a class=\"btn btn-default\" href=\"https:\/\/api.whatsapp.com\/send?phone=967711797771&amp;text=Hi,We hope you are well.. We have looked at your projects and we would like to contribute and donate.. could give me more details? https:\/\/api.whatsapp.com\/send?phone=967711797771&amp;text=Hi,We hope you are well.. We have looked at your projects and we would like to contribute and donate.. could give me more details?\" target=\"_blank _blank\">DONATE NOW<\/a>\r\n                            <\/div>\r\n                                            <\/div>\r\n                <\/div>\r\n                                <div class=\"ct-pricing-item\">\r\n                    <div class=\"ct-pricing-item-inner ct-pricing-featured\">\r\n                        <div class=\"item-popular\">Food security<\/div>\r\n                        <h3 class=\"ct-pricing-title\">Food Basket<\/h3>\r\n                        <div class=\"ct-pricing-subtitle\">Big Size<\/div>\r\n                        <div class=\"ct-pricing-price1\">$48<\/div>\r\n                        \r\n                                                                            <div class=\"ct-pricing-icon\">\r\n                                <img decoding=\"async\" width=\"60\" height=\"65\" src=\"https:\/\/badyh.org\/tr\/wp-content\/uploads\/sites\/3\/2020\/03\/\u0639\u0646\u0648\u0627\u0646-2.webp\" class=\"attachment-full\" alt=\"\" \/>                            <\/div>\r\n                        \r\n                        <div class=\"ct-pricing-desc\">It Consists Of: Flour 25 kg \/ Rice 10 kg \/ Cooking oil 4 liters \/ Sugar 10 kg \/ Beans 2 kg \/ Tea (1 packet) \/ Salt 1 kg<\/div>\r\n                        <div class=\"ct-pricing-price2\">$48<\/div>\r\n\r\n                                                    <div class=\"ct-pricing-button\">\r\n                                <a class=\"btn btn-default\" href=\"https:\/\/api.whatsapp.com\/send?phone=967711797771&amp;text=Hi,We hope you are well.. We have looked at your projects and we would like to contribute and donate.. could give me more details? https:\/\/api.whatsapp.com\/send?phone=967711797771&amp;text=Hi,We hope you are well.. We have looked at your projects and we would like to contribute and donate.. could give me more details?\" target=\"_blank _blank\">DONATE NOW<\/a>\r\n                            <\/div>\r\n                                            <\/div>\r\n                <\/div>\r\n                                <div class=\"ct-pricing-item\">\r\n                    <div class=\"ct-pricing-item-inner \">\r\n                        <div class=\"item-popular\">Food security<\/div>\r\n                        <h3 class=\"ct-pricing-title\">Food Basket<\/h3>\r\n                        <div class=\"ct-pricing-subtitle\">Big Size<\/div>\r\n                        <div class=\"ct-pricing-price1\">$48<\/div>\r\n                        \r\n                                                                            <div class=\"ct-pricing-icon\">\r\n                                <img decoding=\"async\" width=\"60\" height=\"65\" src=\"https:\/\/badyh.org\/tr\/wp-content\/uploads\/sites\/3\/2020\/03\/\u0639\u0646\u0648\u0627\u0646-2.webp\" class=\"attachment-full\" alt=\"\" \/>                            <\/div>\r\n                        \r\n                        <div class=\"ct-pricing-desc\">It Consists Of: Flour 25 kg \/ Rice 10 kg \/ Cooking oil 4 liters \/ Sugar 10 kg \/ Beans 2 kg \/ Tea (1 packet) \/ Salt 1 kg<\/div>\r\n                        <div class=\"ct-pricing-price2\">$48<\/div>\r\n\r\n                                                    <div class=\"ct-pricing-button\">\r\n                                <a class=\"btn btn-default\" href=\"https:\/\/api.whatsapp.com\/send?phone=967711797771&amp;text=Hi,We hope you are well.. We have looked at your projects and we would like to contribute and donate.. could give me more details? https:\/\/api.whatsapp.com\/send?phone=967711797771&amp;text=Hi,We hope you are well.. We have looked at your projects and we would like to contribute and donate.. could give me more details?\" target=\"_blank _blank\">DONATE NOW<\/a>\r\n                            <\/div>\r\n                                            <\/div>\r\n                <\/div>\r\n                            <\/div>\r\n            <\/div>\r\n<\/div>\t\t\t\t<\/div>\n\t\t\t\t<\/div>\n\t\t            <\/div>\n        <\/div>\n                    <\/div>\n        <\/section>\n        \t\t<\/div>\n\t\t","protected":false},"excerpt":{"rendered":"<p>1. Humanitarian Aid Help Them 10 Page 01 Page 02 Food Security Food Basket Big Size $ 48 It Consists Of: Flour 25 kg \/ Rice 10 kg \/ Cooking oil 4 liters \/ Sugar 10 kg \/ Beans 2 kg \/ Tea (1 packet) \/ Salt 1 kg $ 48 Donate Now Food Security [&hellip;]<\/p>\n","protected":false},"author":1,"featured_media":3866,"parent":0,"menu_order":0,"comment_status":"closed","ping_status":"closed","template":"","meta":{"rs_blank_template":"","rs_page_bg_color":"","slide_template_v7":"","footnotes":""},"class_list":["post-211","page","type-page","status-publish","has-post-thumbnail","hentry"],"yoast_head":"<!-- This site is optimized with the Yoast SEO plugin v27.4 - https:\/\/yoast.com\/product\/yoast-seo-wordpress\/ -->\n<title>Projects - El-Badyh Kalk\u0131nma ve \u0130nsani Yard\u0131m Derne\u011fi<\/title>\n<meta name=\"robots\" content=\"index, follow, max-snippet:-1, max-image-preview:large, max-video-preview:-1\" \/>\n<link rel=\"canonical\" href=\"https:\/\/badyh.org\/tr\/prices\/\" \/>\n<meta property=\"og:locale\" content=\"tr_TR\" \/>\n<meta property=\"og:type\" content=\"article\" \/>\n<meta property=\"og:title\" content=\"Projects - El-Badyh Kalk\u0131nma ve \u0130nsani Yard\u0131m Derne\u011fi\" \/>\n<meta property=\"og:description\" content=\"1. Humanitarian Aid Help Them 10 Page 01 Page 02 Food Security Food Basket Big Size $ 48 It Consists Of: Flour 25 kg \/ Rice 10 kg \/ Cooking oil 4 liters \/ Sugar 10 kg \/ Beans 2 kg \/ Tea (1 packet) \/ Salt 1 kg $ 48 Donate Now Food Security [&hellip;]\" \/>\n<meta property=\"og:url\" content=\"https:\/\/badyh.org\/tr\/prices\/\" \/>\n<meta property=\"og:site_name\" content=\"El-Badyh Kalk\u0131nma ve \u0130nsani Yard\u0131m Derne\u011fi\" \/>\n<meta property=\"og:image\" content=\"https:\/\/badyh.org\/tr\/wp-content\/uploads\/sites\/3\/2019\/12\/badiyh22-6.jpg\" \/>\n\t<meta property=\"og:image:width\" content=\"1500\" \/>\n\t<meta property=\"og:image:height\" content=\"999\" \/>\n\t<meta property=\"og:image:type\" content=\"image\/jpeg\" \/>\n<meta name=\"twitter:card\" content=\"summary_large_image\" \/>\n<meta name=\"twitter:label1\" content=\"Tahmini okuma s\u00fcresi\" \/>\n\t<meta name=\"twitter:data1\" content=\"4 dakika\" \/>\n<script type=\"application\/ld+json\" class=\"yoast-schema-graph\">{\"@context\":\"https:\\\/\\\/schema.org\",\"@graph\":[{\"@type\":\"WebPage\",\"@id\":\"https:\\\/\\\/badyh.org\\\/tr\\\/prices\\\/\",\"url\":\"https:\\\/\\\/badyh.org\\\/tr\\\/prices\\\/\",\"name\":\"Projects - El-Badyh Kalk\u0131nma ve \u0130nsani Yard\u0131m Derne\u011fi\",\"isPartOf\":{\"@id\":\"https:\\\/\\\/badyh.org\\\/tr\\\/#website\"},\"primaryImageOfPage\":{\"@id\":\"https:\\\/\\\/badyh.org\\\/tr\\\/prices\\\/#primaryimage\"},\"image\":{\"@id\":\"https:\\\/\\\/badyh.org\\\/tr\\\/prices\\\/#primaryimage\"},\"thumbnailUrl\":\"https:\\\/\\\/badyh.org\\\/tr\\\/wp-content\\\/uploads\\\/sites\\\/3\\\/2019\\\/12\\\/badiyh22-6.jpg\",\"datePublished\":\"2020-03-04T11:25:15+00:00\",\"breadcrumb\":{\"@id\":\"https:\\\/\\\/badyh.org\\\/tr\\\/prices\\\/#breadcrumb\"},\"inLanguage\":\"tr\",\"potentialAction\":[{\"@type\":\"ReadAction\",\"target\":[\"https:\\\/\\\/badyh.org\\\/tr\\\/prices\\\/\"]}]},{\"@type\":\"ImageObject\",\"inLanguage\":\"tr\",\"@id\":\"https:\\\/\\\/badyh.org\\\/tr\\\/prices\\\/#primaryimage\",\"url\":\"https:\\\/\\\/badyh.org\\\/tr\\\/wp-content\\\/uploads\\\/sites\\\/3\\\/2019\\\/12\\\/badiyh22-6.jpg\",\"contentUrl\":\"https:\\\/\\\/badyh.org\\\/tr\\\/wp-content\\\/uploads\\\/sites\\\/3\\\/2019\\\/12\\\/badiyh22-6.jpg\",\"width\":1500,\"height\":999},{\"@type\":\"BreadcrumbList\",\"@id\":\"https:\\\/\\\/badyh.org\\\/tr\\\/prices\\\/#breadcrumb\",\"itemListElement\":[{\"@type\":\"ListItem\",\"position\":1,\"name\":\"\u0627\u0644\u0631\u0626\u064a\u0633\u064a\u0629\",\"item\":\"https:\\\/\\\/badyh.org\\\/tr\\\/\"},{\"@type\":\"ListItem\",\"position\":2,\"name\":\"Projects\"}]},{\"@type\":\"WebSite\",\"@id\":\"https:\\\/\\\/badyh.org\\\/tr\\\/#website\",\"url\":\"https:\\\/\\\/badyh.org\\\/tr\\\/\",\"name\":\"El-Badyh Kalk\u0131nma ve \u0130nsani Yard\u0131m Derne\u011fi\",\"description\":\"\u0645\u0648\u0642\u0639 \u0622\u062e\u0631 \u0641\u064a \u0645\u0624\u0633\u0633\u0629 \u0627\u0644\u0628\u0627\u062f\u064a\u0629 \u0644\u0644\u062a\u0646\u0645\u064a\u0629 \u0648\u0627\u0644\u0627\u0639\u0645\u0627\u0644 \u0627\u0644\u0625\u0646\u0633\u0627\u0646\u064a\u0629\",\"potentialAction\":[{\"@type\":\"SearchAction\",\"target\":{\"@type\":\"EntryPoint\",\"urlTemplate\":\"https:\\\/\\\/badyh.org\\\/tr\\\/?s={search_term_string}\"},\"query-input\":{\"@type\":\"PropertyValueSpecification\",\"valueRequired\":true,\"valueName\":\"search_term_string\"}}],\"inLanguage\":\"tr\"}]}<\/script>\n<!-- \/ Yoast SEO plugin. -->","yoast_head_json":{"title":"Projects - El-Badyh Kalk\u0131nma ve \u0130nsani Yard\u0131m Derne\u011fi","robots":{"index":"index","follow":"follow","max-snippet":"max-snippet:-1","max-image-preview":"max-image-preview:large","max-video-preview":"max-video-preview:-1"},"canonical":"https:\/\/badyh.org\/tr\/prices\/","og_locale":"tr_TR","og_type":"article","og_title":"Projects - El-Badyh Kalk\u0131nma ve \u0130nsani Yard\u0131m Derne\u011fi","og_description":"1. Humanitarian Aid Help Them 10 Page 01 Page 02 Food Security Food Basket Big Size $ 48 It Consists Of: Flour 25 kg \/ Rice 10 kg \/ Cooking oil 4 liters \/ Sugar 10 kg \/ Beans 2 kg \/ Tea (1 packet) \/ Salt 1 kg $ 48 Donate Now Food Security [&hellip;]","og_url":"https:\/\/badyh.org\/tr\/prices\/","og_site_name":"El-Badyh Kalk\u0131nma ve \u0130nsani Yard\u0131m Derne\u011fi","og_image":[{"width":1500,"height":999,"url":"https:\/\/badyh.org\/tr\/wp-content\/uploads\/sites\/3\/2019\/12\/badiyh22-6.jpg","type":"image\/jpeg"}],"twitter_card":"summary_large_image","twitter_misc":{"Tahmini okuma s\u00fcresi":"4 dakika"},"schema":{"@context":"https:\/\/schema.org","@graph":[{"@type":"WebPage","@id":"https:\/\/badyh.org\/tr\/prices\/","url":"https:\/\/badyh.org\/tr\/prices\/","name":"Projects - El-Badyh Kalk\u0131nma ve \u0130nsani Yard\u0131m Derne\u011fi","isPartOf":{"@id":"https:\/\/badyh.org\/tr\/#website"},"primaryImageOfPage":{"@id":"https:\/\/badyh.org\/tr\/prices\/#primaryimage"},"image":{"@id":"https:\/\/badyh.org\/tr\/prices\/#primaryimage"},"thumbnailUrl":"https:\/\/badyh.org\/tr\/wp-content\/uploads\/sites\/3\/2019\/12\/badiyh22-6.jpg","datePublished":"2020-03-04T11:25:15+00:00","breadcrumb":{"@id":"https:\/\/badyh.org\/tr\/prices\/#breadcrumb"},"inLanguage":"tr","potentialAction":[{"@type":"ReadAction","target":["https:\/\/badyh.org\/tr\/prices\/"]}]},{"@type":"ImageObject","inLanguage":"tr","@id":"https:\/\/badyh.org\/tr\/prices\/#primaryimage","url":"https:\/\/badyh.org\/tr\/wp-content\/uploads\/sites\/3\/2019\/12\/badiyh22-6.jpg","contentUrl":"https:\/\/badyh.org\/tr\/wp-content\/uploads\/sites\/3\/2019\/12\/badiyh22-6.jpg","width":1500,"height":999},{"@type":"BreadcrumbList","@id":"https:\/\/badyh.org\/tr\/prices\/#breadcrumb","itemListElement":[{"@type":"ListItem","position":1,"name":"\u0627\u0644\u0631\u0626\u064a\u0633\u064a\u0629","item":"https:\/\/badyh.org\/tr\/"},{"@type":"ListItem","position":2,"name":"Projects"}]},{"@type":"WebSite","@id":"https:\/\/badyh.org\/tr\/#website","url":"https:\/\/badyh.org\/tr\/","name":"El-Badyh Kalk\u0131nma ve \u0130nsani Yard\u0131m Derne\u011fi","description":"\u0645\u0648\u0642\u0639 \u0622\u062e\u0631 \u0641\u064a \u0645\u0624\u0633\u0633\u0629 \u0627\u0644\u0628\u0627\u062f\u064a\u0629 \u0644\u0644\u062a\u0646\u0645\u064a\u0629 \u0648\u0627\u0644\u0627\u0639\u0645\u0627\u0644 \u0627\u0644\u0625\u0646\u0633\u0627\u0646\u064a\u0629","potentialAction":[{"@type":"SearchAction","target":{"@type":"EntryPoint","urlTemplate":"https:\/\/badyh.org\/tr\/?s={search_term_string}"},"query-input":{"@type":"PropertyValueSpecification","valueRequired":true,"valueName":"search_term_string"}}],"inLanguage":"tr"}]}},"jetpack_sharing_enabled":true,"_links":{"self":[{"href":"https:\/\/badyh.org\/tr\/wp-json\/wp\/v2\/pages\/211","targetHints":{"allow":["GET"]}}],"collection":[{"href":"https:\/\/badyh.org\/tr\/wp-json\/wp\/v2\/pages"}],"about":[{"href":"https:\/\/badyh.org\/tr\/wp-json\/wp\/v2\/types\/page"}],"author":[{"embeddable":true,"href":"https:\/\/badyh.org\/tr\/wp-json\/wp\/v2\/users\/1"}],"replies":[{"embeddable":true,"href":"https:\/\/badyh.org\/tr\/wp-json\/wp\/v2\/comments?post=211"}],"version-history":[{"count":0,"href":"https:\/\/badyh.org\/tr\/wp-json\/wp\/v2\/pages\/211\/revisions"}],"wp:featuredmedia":[{"embeddable":true,"href":"https:\/\/badyh.org\/tr\/wp-json\/wp\/v2\/media\/3866"}],"wp:attachment":[{"href":"https:\/\/badyh.org\/tr\/wp-json\/wp\/v2\/media?parent=211"}],"curies":[{"name":"wp","href":"https:\/\/api.w.org\/{rel}","templated":true}]}}